{"id":2290,"date":"2023-10-31T14:20:00","date_gmt":"2023-10-31T14:20:00","guid":{"rendered":"https:\/\/vivirmasfeliz.cl\/wordpress\/marca-sello-solidario-copy-2\/"},"modified":"2023-11-07T11:57:06","modified_gmt":"2023-11-07T11:57:06","slug":"alianzas","status":"publish","type":"page","link":"https:\/\/vivirmasfeliz.cl\/wordpress\/alianzas\/","title":{"rendered":"Alianzas"},"content":{"rendered":"\n<div class=\"wp-block-group\"><div class=\"wp-block-group__inner-container is-layout-flow wp-block-group-is-layout-flow\">\n<div class=\"wp-block-group\"><div class=\"wp-block-group__inner-container is-layout-flow wp-block-group-is-layout-flow\"><\/div><\/div>\n<\/div><\/div>\n\n\n\n\t<section class=\"section hide-for-medium\" id=\"section_283664965\">\n\t\t<div class=\"bg section-bg fill bg-fill  \" >\n\n\t\t\t\n\t\t\t<div class=\"section-bg-overlay absolute fill\"><\/div>\n\t\t\t\n\n\t\t<\/div>\n\n\t\t\n\n\t\t<div class=\"section-content relative\">\n\t\t\t\n\n\n\t\t<\/div>\n\n\t\t\n<style>\n#section_283664965 {\n  padding-top: 0px;\n  padding-bottom: 0px;\n  min-height: 300px;\n}\n#section_283664965 .section-bg-overlay {\n  background-color: rgba(0, 0, 0, 0.45);\n}\n#section_283664965 .section-bg.bg-loaded {\n  background-image: url(https:\/\/vivirmasfeliz.cl\/wordpress\/wp-content\/uploads\/2021\/07\/v1.png);\n}\n#section_283664965 .section-bg {\n  background-position: 64% 49%;\n}\n#section_283664965 .ux-shape-divider--top svg {\n  height: 150px;\n  --divider-top-width: 100%;\n}\n#section_283664965 .ux-shape-divider--bottom svg {\n  height: 150px;\n  --divider-width: 100%;\n}\n@media (min-width:550px) {\n  #section_283664965 {\n    min-height: 400px;\n  }\n}\n@media (min-width:850px) {\n  #section_283664965 {\n    min-height: 290px;\n  }\n}\n<\/style>\n\t<\/section>\n\t\n\t<section class=\"section show-for-small\" id=\"section_418412356\">\n\t\t<div class=\"bg section-bg fill bg-fill  \" >\n\n\t\t\t\n\t\t\t<div class=\"section-bg-overlay absolute fill\"><\/div>\n\t\t\t\n\n\t\t<\/div>\n\n\t\t\n\n\t\t<div class=\"section-content relative\">\n\t\t\t\n\n\n\t\t<\/div>\n\n\t\t\n<style>\n#section_418412356 {\n  padding-top: 0px;\n  padding-bottom: 0px;\n  min-height: 300px;\n}\n#section_418412356 .section-bg-overlay {\n  background-color: rgba(0, 0, 0, 0.45);\n}\n#section_418412356 .section-bg.bg-loaded {\n  background-image: url(https:\/\/vivirmasfeliz.cl\/wordpress\/wp-content\/uploads\/2021\/07\/v1.png);\n}\n#section_418412356 .section-bg {\n  background-position: 64% 49%;\n}\n#section_418412356 .ux-shape-divider--top svg {\n  height: 150px;\n  --divider-top-width: 100%;\n}\n#section_418412356 .ux-shape-divider--bottom svg {\n  height: 150px;\n  --divider-width: 100%;\n}\n@media (min-width:550px) {\n  #section_418412356 {\n    min-height: 400px;\n  }\n}\n@media (min-width:850px) {\n  #section_418412356 {\n    min-height: 290px;\n  }\n}\n<\/style>\n\t<\/section>\n\t\n\t<section class=\"section hide-for-medium\" id=\"section_1456365512\">\n\t\t<div class=\"bg section-bg fill bg-fill  bg-loaded\" >\n\n\t\t\t\n\t\t\t\n\t\t\t\n\n\t\t<\/div>\n\n\t\t\n\n\t\t<div class=\"section-content relative\">\n\t\t\t\n\n<div class=\"row align-center\"  id=\"row-49545896\">\n\n\n\t<div id=\"col-1261925249\" class=\"col medium-12 small-3 large-3\"  >\n\t\t\t\t<div class=\"col-inner\"  >\n\t\t\t\n\t\t\t\n\n\n\t\t<\/div>\n\t\t\t\t\n<style>\n#col-1261925249 > .col-inner {\n  padding: 6% 6% 6% 6%;\n  margin: -80% 0px 0px 0px;\n}\n<\/style>\n\t<\/div>\n\n\t\n\n\t<div id=\"col-179643480\" class=\"col medium-12 small-12 large-4\"  >\n\t\t\t\t<div class=\"col-inner text-center\" style=\"background-color:rgb(229, 0, 126);\" >\n\t\t\t\n\t<div class=\"is-border\"\n\t\tstyle=\"border-color:rgb(73, 193, 147);border-width:0px 0px 0px 0px;\">\n\t<\/div>\n\t\t\t\n\n<h2><span style=\"color: #ffffff\">Alianzas<\/span><\/h2>\n\n\t\t<\/div>\n\t\t\t\t\n<style>\n#col-179643480 > .col-inner {\n  padding: 15% 10% 5% 10%;\n  margin: 0 0px 0px 0px;\n}\n@media (min-width:550px) {\n  #col-179643480 > .col-inner {\n    padding: 10% 10% 8% 10%;\n  }\n}\n@media (min-width:850px) {\n  #col-179643480 > .col-inner {\n    padding: 6% 7% 3% 3%;\n    margin: -65px 0px 0px 0px;\n  }\n}\n<\/style>\n\t<\/div>\n\n\t\n\n\t<div id=\"col-94932420\" class=\"col medium-12 small-12 large-3\"  >\n\t\t\t\t<div class=\"col-inner\"  >\n\t\t\t\n\t\t\t\n\n\n\t\t<\/div>\n\t\t\t\t\n<style>\n#col-94932420 > .col-inner {\n  padding: 6% 6% 6% 6%;\n  margin: -54% 0px 0px 0px;\n}\n@media (min-width:550px) {\n  #col-94932420 > .col-inner {\n    margin: -80% 0px 0px 0px;\n  }\n}\n<\/style>\n\t<\/div>\n\n\t\n\n<\/div>\n\n\t\t<\/div>\n\n\t\t\n<style>\n#section_1456365512 {\n  padding-top: 16px;\n  padding-bottom: 16px;\n}\n#section_1456365512 .ux-shape-divider--top svg {\n  height: 150px;\n  --divider-top-width: 100%;\n}\n#section_1456365512 .ux-shape-divider--bottom svg {\n  height: 150px;\n  --divider-width: 100%;\n}\n<\/style>\n\t<\/section>\n\t\n\t<section class=\"section show-for-small\" id=\"section_188366974\">\n\t\t<div class=\"bg section-bg fill bg-fill  bg-loaded\" >\n\n\t\t\t\n\t\t\t\n\t\t\t\n\n\t\t<\/div>\n\n\t\t\n\n\t\t<div class=\"section-content relative\">\n\t\t\t\n\n<div class=\"row align-center\"  id=\"row-1519662887\">\n\n\n\t<div id=\"col-1225540916\" class=\"col medium-12 small-12 large-3\"  >\n\t\t\t\t<div class=\"col-inner text-center\" style=\"background-color:rgb(229, 0, 126);\" >\n\t\t\t\n\t<div class=\"is-border\"\n\t\tstyle=\"border-color:rgb(73, 193, 147);border-width:0px 0px 0px 0px;\">\n\t<\/div>\n\t\t\t\n\n<h2><span style=\"color: #ffffff\">Alianzas<\/span><\/h2>\n\n\t\t<\/div>\n\t\t\t\t\n<style>\n#col-1225540916 > .col-inner {\n  padding: 6% 10% 5% 10%;\n  margin: -50px 0px 0px 0px;\n}\n@media (min-width:550px) {\n  #col-1225540916 > .col-inner {\n    padding: 10% 10% 8% 10%;\n    margin: 0 0px 0px 0px;\n  }\n}\n@media (min-width:850px) {\n  #col-1225540916 > .col-inner {\n    padding: 6% 7% 3% 3%;\n    margin: -65px 0px 0px 0px;\n  }\n}\n<\/style>\n\t<\/div>\n\n\t\n\n<\/div>\n\n\t\t<\/div>\n\n\t\t\n<style>\n#section_188366974 {\n  padding-top: 16px;\n  padding-bottom: 16px;\n}\n#section_188366974 .ux-shape-divider--top svg {\n  height: 150px;\n  --divider-top-width: 100%;\n}\n#section_188366974 .ux-shape-divider--bottom svg {\n  height: 150px;\n  --divider-width: 100%;\n}\n<\/style>\n\t<\/section>\n\t\n\t<section class=\"section\" id=\"section_1070853442\">\n\t\t<div class=\"bg section-bg fill bg-fill  bg-loaded\" >\n\n\t\t\t\n\t\t\t\n\t\t\t\n\n\t\t<\/div>\n\n\t\t\n\n\t\t<div class=\"section-content relative\">\n\t\t\t\n\n<div class=\"row\"  id=\"row-1389218870\">\n\n\n\t<div id=\"col-872270137\" class=\"col small-12 large-12\"  >\n\t\t\t\t<div class=\"col-inner\"  >\n\t\t\t\n\t\t\t\n\n<p>A trav\u00e9s de las alianzas buscamos f\u00f3rmulas novedosas para la recaudaci\u00f3n de ingresos, abrirnos a nuevos mercados,  fortalecer nuestros canales de recaudaci\u00f3n y buscar potenciales socios y\/o nuevos aportantes.<\/p>\n\n\n\t\t<\/div>\n\t\t\t\t\t<\/div>\n\n\t\n\n\t<div id=\"col-943613733\" class=\"col small-12 large-12\"  >\n\t\t\t\t<div class=\"col-inner\"  >\n\t\t\t\n\t\t\t\n\n\n\t\t<div class=\"tabbed-content\">\n\t\t\t<h4 class=\"uppercase text-left\">Alianzas<\/h4>\n\t\t\t<ul class=\"nav nav-pills nav-normal nav-size-normal nav-left\"><li class=\"tab active has-icon\"><a href=\"#tab_todas\"><span>Todas<\/span><\/a><\/li><\/ul><div class=\"tab-panels\"><div class=\"panel active entry-content\" id=\"tab_todas\">\n\n<div class=\"row align-middle\"  id=\"row-1292469963\">\n\n\n\t<div id=\"col-1640206073\" class=\"col medium-3 small-6 large-3\"  >\n\t\t\t\t<div class=\"col-inner\"  >\n\t\t\t\n\t\t\t\n\n\n  <div class=\"banner has-hover\" id=\"banner-1713289884\">\n          <div class=\"banner-inner fill\">\n        <div class=\"banner-bg fill\" >\n            <div class=\"bg fill bg-fill \"><\/div>\n                                    \n                    <\/div>\n\t\t\n        <div class=\"banner-layers container\">\n            <a class=\"fill\" href=\"https:\/\/betterfly.com\/es-cl\/\" target=\"_blank\" rel=\"noopener noreferrer\" ><div class=\"fill banner-link\"><\/div><\/a>            \n\n   <div id=\"text-box-1898159360\" class=\"text-box banner-layer x50 md-x50 lg-x50 y50 md-y50 lg-y50 res-text\">\n                                <div class=\"text-box-content text dark\">\n              \n              <div class=\"text-inner text-center\">\n                  \n\n\n              <\/div>\n           <\/div>\n                            \n<style>\n#text-box-1898159360 {\n  width: 60%;\n}\n#text-box-1898159360 .text-box-content {\n  font-size: 100%;\n}\n<\/style>\n    <\/div>\n \n\n        <\/div>\n      <\/div>\n\n              <div class=\"height-fix is-invisible\"><img loading=\"lazy\" decoding=\"async\" width=\"1020\" height=\"192\" src=\"https:\/\/vivirmasfeliz.cl\/wordpress\/wp-content\/uploads\/2023\/10\/Logo-Earth-1400x263.png\" class=\"attachment-large size-large\" alt=\"\" srcset=\"https:\/\/vivirmasfeliz.cl\/wordpress\/wp-content\/uploads\/2023\/10\/Logo-Earth-1400x263.png 1400w, https:\/\/vivirmasfeliz.cl\/wordpress\/wp-content\/uploads\/2023\/10\/Logo-Earth-800x151.png 800w, https:\/\/vivirmasfeliz.cl\/wordpress\/wp-content\/uploads\/2023\/10\/Logo-Earth-768x145.png 768w, https:\/\/vivirmasfeliz.cl\/wordpress\/wp-content\/uploads\/2023\/10\/Logo-Earth-1536x289.png 1536w, https:\/\/vivirmasfeliz.cl\/wordpress\/wp-content\/uploads\/2023\/10\/Logo-Earth-2048x385.png 2048w\" sizes=\"auto, (max-width: 1020px) 100vw, 1020px\" \/><\/div>\n            \n<style>\n#banner-1713289884 .bg.bg-loaded {\n  background-image: url(https:\/\/vivirmasfeliz.cl\/wordpress\/wp-content\/uploads\/2023\/10\/Logo-Earth-1400x263.png);\n}\n#banner-1713289884 {\n  background-color: rgb(255,255,255);\n}\n#banner-1713289884 .ux-shape-divider--top svg {\n  height: 150px;\n  --divider-top-width: 100%;\n}\n#banner-1713289884 .ux-shape-divider--bottom svg {\n  height: 150px;\n  --divider-width: 100%;\n}\n<\/style>\n  <\/div>\n\n\n\n\t\t<\/div>\n\t\t\t\t\t<\/div>\n\n\t\n\n\t<div id=\"col-460981931\" class=\"col medium-8 small-6 large-8\"  >\n\t\t\t\t<div class=\"col-inner\"  >\n\t\t\t\n\t\t\t\n\n<div class=\"container section-title-container\" ><h3 class=\"section-title section-title-normal\"><b><\/b><span class=\"section-title-main\" >betterlfy<\/span><b><\/b><\/h3><\/div>\n\n<p align=justify>Empresa nacional que entrega una serie de formas de aportar y ayudar a fundaciones como nosotros.<\/p>\n<p>Su objetivo es otorgar planes de beneficios a la medida de cada empresa y premiar los h\u00e1bitos saludables de tus colaboradores con recompensas personales e impacto social.\n<\/p>\n<p align=justify>A fundaci\u00f3n Vivir m\u00e1s Feliz, nos apoya hace muchos a\u00f1os a trav\u00e9s de la venta de seguros obligatorios SOAP durante todo el a\u00f1o, tarjetas GIFT CARDS y estamos en su APP como una de las fundaciones que reciben las donaciones de h\u00e1bitos saludables que se transforman en ayuda concreta como son Terapias Complementarias para ni\u00f1os y ni\u00f1as con c\u00e1ncer. <\/p>\n\n\t\t<\/div>\n\t\t\t\t\t<\/div>\n\n\t\n\n<\/div>\n<div class=\"row align-middle\"  id=\"row-2141910778\">\n\n\n\t<div id=\"col-1544767078\" class=\"col medium-3 small-6 large-3\"  >\n\t\t\t\t<div class=\"col-inner\"  >\n\t\t\t\n\t\t\t\n\n\n  <div class=\"banner has-hover\" id=\"banner-914193255\">\n          <div class=\"banner-inner fill\">\n        <div class=\"banner-bg fill\" >\n            <div class=\"bg fill bg-fill \"><\/div>\n                                    \n                    <\/div>\n\t\t\n        <div class=\"banner-layers container\">\n            <a class=\"fill\" href=\"https:\/\/www.thisisgood.cl\/\" target=\"_blank\" rel=\"noopener noreferrer\" ><div class=\"fill banner-link\"><\/div><\/a>            \n\n   <div id=\"text-box-45116572\" class=\"text-box banner-layer x50 md-x50 lg-x50 y50 md-y50 lg-y50 res-text\">\n                                <div class=\"text-box-content text dark\">\n              \n              <div class=\"text-inner text-center\">\n                  \n\n\n              <\/div>\n           <\/div>\n                            \n<style>\n#text-box-45116572 {\n  width: 60%;\n}\n#text-box-45116572 .text-box-content {\n  font-size: 100%;\n}\n<\/style>\n    <\/div>\n \n\n        <\/div>\n      <\/div>\n\n              <div class=\"height-fix is-invisible\"><img loading=\"lazy\" decoding=\"async\" width=\"792\" height=\"800\" src=\"https:\/\/vivirmasfeliz.cl\/wordpress\/wp-content\/uploads\/2023\/10\/this-is-GOOD-792x800.png\" class=\"attachment-large size-large\" alt=\"\" srcset=\"https:\/\/vivirmasfeliz.cl\/wordpress\/wp-content\/uploads\/2023\/10\/this-is-GOOD-792x800.png 792w, https:\/\/vivirmasfeliz.cl\/wordpress\/wp-content\/uploads\/2023\/10\/this-is-GOOD-396x400.png 396w, https:\/\/vivirmasfeliz.cl\/wordpress\/wp-content\/uploads\/2023\/10\/this-is-GOOD-768x775.png 768w, https:\/\/vivirmasfeliz.cl\/wordpress\/wp-content\/uploads\/2023\/10\/this-is-GOOD-1522x1536.png 1522w, https:\/\/vivirmasfeliz.cl\/wordpress\/wp-content\/uploads\/2023\/10\/this-is-GOOD.png 1896w\" sizes=\"auto, (max-width: 792px) 100vw, 792px\" \/><\/div>\n            \n<style>\n#banner-914193255 .bg.bg-loaded {\n  background-image: url(https:\/\/vivirmasfeliz.cl\/wordpress\/wp-content\/uploads\/2023\/10\/this-is-GOOD-792x800.png);\n}\n#banner-914193255 {\n  background-color: rgb(255,255,255);\n}\n#banner-914193255 .ux-shape-divider--top svg {\n  height: 150px;\n  --divider-top-width: 100%;\n}\n#banner-914193255 .ux-shape-divider--bottom svg {\n  height: 150px;\n  --divider-width: 100%;\n}\n<\/style>\n  <\/div>\n\n\n\n\t\t<\/div>\n\t\t\t\t\t<\/div>\n\n\t\n\n\t<div id=\"col-1010027842\" class=\"col medium-8 small-6 large-8\"  >\n\t\t\t\t<div class=\"col-inner\"  >\n\t\t\t\n\t\t\t\n\n<div class=\"container section-title-container\" ><h3 class=\"section-title section-title-normal\"><b><\/b><span class=\"section-title-main\" >THIS IS GOOD<\/span><b><\/b><\/h3><\/div>\n\n<p align=justify>Somos parte de este proyecto que busca que a trav\u00e9s de cada compra puedas hacer un aporte a los ni\u00f1os y ni\u00f1as con c\u00e1ncer.<\/p>\n<p align=justify>Cada producto con el sello This is Good genera un impacto positivo en iniciativas sociales y ambientales que cada comprador escoja.<\/p>\n\n\t\t<\/div>\n\t\t\t\t\t<\/div>\n\n\t\n\n<\/div>\n<div class=\"row align-middle\"  id=\"row-1601154511\">\n\n\n\t<div id=\"col-1445599248\" class=\"col medium-3 small-6 large-3\"  >\n\t\t\t\t<div class=\"col-inner\"  >\n\t\t\t\n\t\t\t\n\n\n  <div class=\"banner has-hover\" id=\"banner-1675879278\">\n          <div class=\"banner-inner fill\">\n        <div class=\"banner-bg fill\" >\n            <div class=\"bg fill bg-fill \"><\/div>\n                                    \n                    <\/div>\n\t\t\n        <div class=\"banner-layers container\">\n            <div class=\"fill banner-link\"><\/div>            \n\n   <div id=\"text-box-1762195031\" class=\"text-box banner-layer x50 md-x50 lg-x50 y50 md-y50 lg-y50 res-text\">\n                                <div class=\"text-box-content text dark\">\n              \n              <div class=\"text-inner text-center\">\n                  \n\n\n              <\/div>\n           <\/div>\n                            \n<style>\n#text-box-1762195031 {\n  width: 60%;\n}\n#text-box-1762195031 .text-box-content {\n  font-size: 100%;\n}\n<\/style>\n    <\/div>\n \n\n        <\/div>\n      <\/div>\n\n              <div class=\"height-fix is-invisible\"><img loading=\"lazy\" decoding=\"async\" width=\"480\" height=\"300\" src=\"https:\/\/vivirmasfeliz.cl\/wordpress\/wp-content\/uploads\/2023\/11\/logo-COS.png\" class=\"attachment-large size-large\" alt=\"\" \/><\/div>\n            \n<style>\n#banner-1675879278 .bg.bg-loaded {\n  background-image: url(https:\/\/vivirmasfeliz.cl\/wordpress\/wp-content\/uploads\/2023\/11\/logo-COS.png);\n}\n#banner-1675879278 {\n  background-color: rgb(255,255,255);\n}\n#banner-1675879278 .ux-shape-divider--top svg {\n  height: 150px;\n  --divider-top-width: 100%;\n}\n#banner-1675879278 .ux-shape-divider--bottom svg {\n  height: 150px;\n  --divider-width: 100%;\n}\n<\/style>\n  <\/div>\n\n\n\n\t\t<\/div>\n\t\t\t\t\t<\/div>\n\n\t\n\n\t<div id=\"col-1196070139\" class=\"col medium-8 small-6 large-8\"  >\n\t\t\t\t<div class=\"col-inner\"  >\n\t\t\t\n\t\t\t\n\n<div class=\"container section-title-container\" ><h3 class=\"section-title section-title-normal\"><b><\/b><span class=\"section-title-main\" >COMUNIDAD ORGANIZACIONES SOLIDARIAS<\/span><b><\/b><\/h3><\/div>\n\n<p align=justify>Somos parte de esta red de organizaciones de la sociedad civil mediante la creaci\u00f3n de espacios de encuentro y fortalecemos su gesti\u00f3n y participaci\u00f3n, a trav\u00e9s de diferentes \u00e1reas como incidencia, transparencia y alianzas. <\/p>\n<p align=justify>Esta red cree en el actuar colaborativo para la construcci\u00f3n de un pa\u00eds m\u00e1s justo, equitativo y sensible.<\/p>\n<p align=justify>Esta red cree en el actuar colaborativo para la construcci\u00f3n de un pa\u00eds m\u00e1s justo, equitativo y sostenible. La sociedad civil en Chile ha destacado por su compromiso y trabajo por la superaci\u00f3n de la pobreza, la vulnerabilidad y exclusi\u00f3n a la que se ven enfrentados miles de personas y comunidades, transform\u00e1ndose en un real agente de cambio que debe ser potenciado, escuchado y visibilizado por todos los sectores.<\/p>\n\n\n\t\t<\/div>\n\t\t\t\t\t<\/div>\n\n\t\n\n<\/div>\n\n\n<\/div><\/div><\/div>\n\n\t\t<\/div>\n\t\t\t\t\t<\/div>\n\n\t\n\n<\/div>\n\n\t\t<\/div>\n\n\t\t\n<style>\n#section_1070853442 {\n  padding-top: 30px;\n  padding-bottom: 30px;\n}\n#section_1070853442 .ux-shape-divider--top svg {\n  height: 150px;\n  --divider-top-width: 100%;\n}\n#section_1070853442 .ux-shape-divider--bottom svg {\n  height: 150px;\n  --divider-width: 100%;\n}\n<\/style>\n\t<\/section>\n\t\n\n","protected":false},"excerpt":{"rendered":"","protected":false},"author":1,"featured_media":0,"parent":0,"menu_order":0,"comment_status":"closed","ping_status":"closed","template":"page-blank.php","meta":{"_themeisle_gutenberg_block_has_review":false,"footnotes":""},"class_list":["post-2290","page","type-page","status-publish","hentry"],"acf":[],"_links":{"self":[{"href":"https:\/\/vivirmasfeliz.cl\/wordpress\/wp-json\/wp\/v2\/pages\/2290","targetHints":{"allow":["GET"]}}],"collection":[{"href":"https:\/\/vivirmasfeliz.cl\/wordpress\/wp-json\/wp\/v2\/pages"}],"about":[{"href":"https:\/\/vivirmasfeliz.cl\/wordpress\/wp-json\/wp\/v2\/types\/page"}],"author":[{"embeddable":true,"href":"https:\/\/vivirmasfeliz.cl\/wordpress\/wp-json\/wp\/v2\/users\/1"}],"replies":[{"embeddable":true,"href":"https:\/\/vivirmasfeliz.cl\/wordpress\/wp-json\/wp\/v2\/comments?post=2290"}],"version-history":[{"count":4,"href":"https:\/\/vivirmasfeliz.cl\/wordpress\/wp-json\/wp\/v2\/pages\/2290\/revisions"}],"predecessor-version":[{"id":2303,"href":"https:\/\/vivirmasfeliz.cl\/wordpress\/wp-json\/wp\/v2\/pages\/2290\/revisions\/2303"}],"wp:attachment":[{"href":"https:\/\/vivirmasfeliz.cl\/wordpress\/wp-json\/wp\/v2\/media?parent=2290"}],"curies":[{"name":"wp","href":"https:\/\/api.w.org\/{rel}","templated":true}]}}