{"id":1465,"date":"2022-10-12T03:20:34","date_gmt":"2022-10-12T03:20:34","guid":{"rendered":"https:\/\/vivirmasfeliz.cl\/wordpress\/ayudanos-copy\/"},"modified":"2022-10-12T04:23:25","modified_gmt":"2022-10-12T04:23:25","slug":"ser-amigo-de-vivir-mas-feliz","status":"publish","type":"page","link":"https:\/\/vivirmasfeliz.cl\/wordpress\/ser-amigo-de-vivir-mas-feliz\/","title":{"rendered":"Ser Amigo de Vivir Mas Feliz"},"content":{"rendered":"\n\t<section class=\"section hide-for-medium\" id=\"section_1148323590\">\n\t\t<div class=\"bg section-bg fill bg-fill  \" >\n\n\t\t\t\n\t\t\t<div class=\"section-bg-overlay absolute fill\"><\/div>\n\t\t\t\n\n\t\t<\/div>\n\n\t\t\n\n\t\t<div class=\"section-content relative\">\n\t\t\t\n\n\n\t\t<\/div>\n\n\t\t\n<style>\n#section_1148323590 {\n  padding-top: 0px;\n  padding-bottom: 0px;\n  min-height: 300px;\n}\n#section_1148323590 .section-bg-overlay {\n  background-color: rgba(0, 0, 0, 0.45);\n}\n#section_1148323590 .section-bg.bg-loaded {\n  background-image: url(https:\/\/vivirmasfeliz.cl\/wordpress\/wp-content\/uploads\/2021\/07\/v1.png);\n}\n#section_1148323590 .section-bg {\n  background-position: 64% 49%;\n}\n#section_1148323590 .ux-shape-divider--top svg {\n  height: 150px;\n  --divider-top-width: 100%;\n}\n#section_1148323590 .ux-shape-divider--bottom svg {\n  height: 150px;\n  --divider-width: 100%;\n}\n@media (min-width:550px) {\n  #section_1148323590 {\n    min-height: 400px;\n  }\n}\n@media (min-width:850px) {\n  #section_1148323590 {\n    min-height: 290px;\n  }\n}\n<\/style>\n\t<\/section>\n\t\n\t<section class=\"section show-for-small\" id=\"section_1187685323\">\n\t\t<div class=\"bg section-bg fill bg-fill  \" >\n\n\t\t\t\n\t\t\t<div class=\"section-bg-overlay absolute fill\"><\/div>\n\t\t\t\n\n\t\t<\/div>\n\n\t\t\n\n\t\t<div class=\"section-content relative\">\n\t\t\t\n\n\n\t\t<\/div>\n\n\t\t\n<style>\n#section_1187685323 {\n  padding-top: 0px;\n  padding-bottom: 0px;\n  min-height: 300px;\n}\n#section_1187685323 .section-bg-overlay {\n  background-color: rgba(0, 0, 0, 0.45);\n}\n#section_1187685323 .section-bg.bg-loaded {\n  background-image: url(https:\/\/vivirmasfeliz.cl\/wordpress\/wp-content\/uploads\/2021\/07\/v1.png);\n}\n#section_1187685323 .section-bg {\n  background-position: 64% 49%;\n}\n#section_1187685323 .ux-shape-divider--top svg {\n  height: 150px;\n  --divider-top-width: 100%;\n}\n#section_1187685323 .ux-shape-divider--bottom svg {\n  height: 150px;\n  --divider-width: 100%;\n}\n@media (min-width:550px) {\n  #section_1187685323 {\n    min-height: 400px;\n  }\n}\n@media (min-width:850px) {\n  #section_1187685323 {\n    min-height: 290px;\n  }\n}\n<\/style>\n\t<\/section>\n\t\n\t<section class=\"section hide-for-medium\" id=\"section_1640733265\">\n\t\t<div class=\"bg section-bg fill bg-fill  bg-loaded\" >\n\n\t\t\t\n\t\t\t\n\t\t\t\n\n\t\t<\/div>\n\n\t\t\n\n\t\t<div class=\"section-content relative\">\n\t\t\t\n\n<div class=\"row align-center\"  id=\"row-1112811849\">\n\n\n\t<div id=\"col-679047828\" class=\"col medium-12 small-3 large-3\"  >\n\t\t\t\t<div class=\"col-inner\"  >\n\t\t\t\n\t\t\t\n\n\n\t\t<\/div>\n\t\t\t\t\n<style>\n#col-679047828 > .col-inner {\n  padding: 6% 6% 6% 6%;\n  margin: -80% 0px 0px 0px;\n}\n<\/style>\n\t<\/div>\n\n\t\n\n\t<div id=\"col-1815997581\" class=\"col medium-12 small-12 large-5\"  >\n\t\t\t\t<div class=\"col-inner text-center\" style=\"background-color:rgb(229, 0, 126);\" >\n\t\t\t\n\t<div class=\"is-border\"\n\t\tstyle=\"border-color:rgb(73, 193, 147);border-width:0px 0px 0px 0px;\">\n\t<\/div>\n\t\t\t\n\n<h2><span style=\"color: #ffffff\">Ser Amigo de Vivir M\u00e1s Feliz<\/span><\/h2>\n\n\t\t<\/div>\n\t\t\t\t\n<style>\n#col-1815997581 > .col-inner {\n  padding: 15% 10% 5% 10%;\n  margin: 0 0px 0px 0px;\n}\n@media (min-width:550px) {\n  #col-1815997581 > .col-inner {\n    padding: 10% 10% 8% 10%;\n  }\n}\n@media (min-width:850px) {\n  #col-1815997581 > .col-inner {\n    padding: 6% 7% 3% 3%;\n    margin: -65px 0px 0px 0px;\n  }\n}\n<\/style>\n\t<\/div>\n\n\t\n\n\t<div id=\"col-1635325556\" class=\"col medium-12 small-12 large-3\"  >\n\t\t\t\t<div class=\"col-inner\"  >\n\t\t\t\n\t\t\t\n\n\n\t\t<\/div>\n\t\t\t\t\n<style>\n#col-1635325556 > .col-inner {\n  padding: 6% 6% 6% 6%;\n  margin: -54% 0px 0px 0px;\n}\n@media (min-width:550px) {\n  #col-1635325556 > .col-inner {\n    margin: -80% 0px 0px 0px;\n  }\n}\n<\/style>\n\t<\/div>\n\n\t\n\n<\/div>\n\n\t\t<\/div>\n\n\t\t\n<style>\n#section_1640733265 {\n  padding-top: 16px;\n  padding-bottom: 16px;\n}\n#section_1640733265 .ux-shape-divider--top svg {\n  height: 150px;\n  --divider-top-width: 100%;\n}\n#section_1640733265 .ux-shape-divider--bottom svg {\n  height: 150px;\n  --divider-width: 100%;\n}\n<\/style>\n\t<\/section>\n\t\n\t<section class=\"section show-for-small\" id=\"section_1955705548\">\n\t\t<div class=\"bg section-bg fill bg-fill  bg-loaded\" >\n\n\t\t\t\n\t\t\t\n\t\t\t\n\n\t\t<\/div>\n\n\t\t\n\n\t\t<div class=\"section-content relative\">\n\t\t\t\n\n<div class=\"row align-center\"  id=\"row-213027831\">\n\n\n\t<div id=\"col-270649246\" class=\"col medium-12 small-12 large-3\"  >\n\t\t\t\t<div class=\"col-inner text-center\" style=\"background-color:rgb(229, 0, 126);\" >\n\t\t\t\n\t<div class=\"is-border\"\n\t\tstyle=\"border-color:rgb(73, 193, 147);border-width:0px 0px 0px 0px;\">\n\t<\/div>\n\t\t\t\n\n<h2><span style=\"color: #ffffff\">Ser Amigo de Vivir M\u00e1s Feliz<\/span><\/h2>\n\n\t\t<\/div>\n\t\t\t\t\n<style>\n#col-270649246 > .col-inner {\n  padding: 6% 10% 5% 10%;\n  margin: -50px 0px 0px 0px;\n}\n@media (min-width:550px) {\n  #col-270649246 > .col-inner {\n    padding: 10% 10% 8% 10%;\n    margin: 0 0px 0px 0px;\n  }\n}\n@media (min-width:850px) {\n  #col-270649246 > .col-inner {\n    padding: 6% 7% 3% 3%;\n    margin: -65px 0px 0px 0px;\n  }\n}\n<\/style>\n\t<\/div>\n\n\t\n\n<\/div>\n\n\t\t<\/div>\n\n\t\t\n<style>\n#section_1955705548 {\n  padding-top: 16px;\n  padding-bottom: 16px;\n}\n#section_1955705548 .ux-shape-divider--top svg {\n  height: 150px;\n  --divider-top-width: 100%;\n}\n#section_1955705548 .ux-shape-divider--bottom svg {\n  height: 150px;\n  --divider-width: 100%;\n}\n<\/style>\n\t<\/section>\n\t\n\t<section class=\"section\" id=\"section_1706762079\">\n\t\t<div class=\"bg section-bg fill bg-fill  bg-loaded\" >\n\n\t\t\t\n\t\t\t\n\t\t\t\n\n\t\t<\/div>\n\n\t\t\n\n\t\t<div class=\"section-content relative\">\n\t\t\t\n\n<div class=\"row align-center\"  id=\"row-237328642\">\n\n\n\t<div id=\"col-1374972360\" class=\"col medium-11 small-12 large-11\"  >\n\t\t\t\t<div class=\"col-inner\"  >\n\t\t\t\n\t\t\t\n\n<h2>C\u00f3mo Donar<\/h2>\n<p align=\"justify\" style=\"font-size: 105%\">\n\u00a1Te invitamos a aportar mensualmente y forma autom\u00e1tica por los ni\u00f1os y ni\u00f1as con c\u00e1ncer. Es f\u00e1cil, r\u00e1pido, seguro y 100% online!<\/p>\n<p align=\"justify\" style=\"font-size: 105%\">\nElige tu aporte mensual por la felicidad de los ni\u00f1os y ni\u00f1as con c\u00e1ncer\u2026<\/p>\n\n\n\t\t<\/div>\n\t\t\t\t\t<\/div>\n\n\t\n\n<\/div>\n\n\t\t<\/div>\n\n\t\t\n<style>\n#section_1706762079 {\n  padding-top: 1px;\n  padding-bottom: 1px;\n}\n#section_1706762079 .ux-shape-divider--top svg {\n  height: 150px;\n  --divider-top-width: 100%;\n}\n#section_1706762079 .ux-shape-divider--bottom svg {\n  height: 150px;\n  --divider-width: 100%;\n}\n<\/style>\n\t<\/section>\n\t\n\t<section class=\"section\" id=\"section_1945547507\">\n\t\t<div class=\"bg section-bg fill bg-fill  bg-loaded\" >\n\n\t\t\t\n\t\t\t\n\t\t\t\n\n\t\t<\/div>\n\n\t\t\n\n\t\t<div class=\"section-content relative\">\n\t\t\t\n\n<div class=\"row row-large align-center\"  id=\"row-367582079\">\n\n\n\t<div id=\"col-1537363894\" class=\"col medium-3 small-12 large-3\"  >\n\t\t\t\t<div class=\"col-inner\"  >\n\t\t\t\n\t\t\t\n\n<p><a href=\"https:\/\/app.payku.cl\/suscripcion\/index?idplan=1058&amp;verif=ffb66eb7\" target=\"_blank\" rel=\"noopener\"><\/a><\/p>\n<p><a href=\"https:\/\/app.payku.cl\/suscripcion\/index?idplan=1058&amp;verif=ffb66eb7\" target=\"_blank\" rel=\"noopener\"><\/p>\n<table style=\"height: 200px;\" border=\"0\" width=\"70\" cellspacing=\"0\">\n<tbody>\n<tr>\n<td style=\"border-radius: 100px 100px 100px 100px !important; text-align: center;\" align=\"right\" valign=\"center\" bgcolor=\"#E5007E\" width=\"50\"><span style=\"color: #ffffff; align: right;\"><strong><span style=\"font-size: 180%;\">$20.000 \/Mes &nbsp;<\/span><\/strong><\/span><\/p>\n<p><span style=\"font-size: 100%; color: #ffffff;\">equivalencia anual <\/span><span style=\"font-size: 180%; color: #ffffff;\"><strong><br \/>16 terapias<\/strong><\/span><\/p>\n<\/td>\n<\/tr>\n<\/tbody>\n<\/table>\n<p><\/a><\/p>\n<p><a href=\"https:\/\/app.payku.cl\/suscripcion\/index?idplan=1058&amp;verif=ffb66eb7\" target=\"_blank\" rel=\"noopener\"><\/a><\/p>\n<p align=\"justify\">1 mes de Terapias complementarias Grupales para un ni\u00f1o\/a (4 atenciones)<\/p>\n\n\t\t<\/div>\n\t\t\t\t\n<style>\n#col-1537363894 > .col-inner {\n  border-radius: 100px;\n}\n<\/style>\n\t<\/div>\n\n\t\n\n\t<div id=\"col-816047949\" class=\"col medium-3 small-12 large-3\"  >\n\t\t\t\t<div class=\"col-inner\"  >\n\t\t\t\n\t\t\t\n\n<p><a href=\"https:\/\/app.payku.cl\/suscripcion\/index?idplan=1057&amp;verif=b738c43b\" target=\"_blank\" rel=\"noopener\"><\/a><\/p>\n<p><a href=\"https:\/\/app.payku.cl\/suscripcion\/index?idplan=1057&amp;verif=b738c43b\" target=\"_blank\" rel=\"noopener\"><\/p>\n<table style=\"height: 200px;\" border=\"0\" width=\"70\" cellspacing=\"0\">\n<tbody>\n<tr>\n<td style=\"border-radius: 100px 100px 100px 100px !important; text-align: center;\" align=\"right\" valign=\"center\" bgcolor=\"#E5007E\" width=\"50\"><span style=\"color: #ffffff; align: right;\"><strong><span style=\"font-size: 180%;\">$15.000\/Mes &nbsp;<\/span><\/strong><\/span><\/p>\n<p><span style=\"font-size: 100%; color: #ffffff;\">equivalencia anual <\/span><span style=\"font-size: 180%; color: #ffffff;\"><strong><br \/>12 terapias<\/strong><\/span><\/p>\n<\/td>\n<\/tr>\n<\/tbody>\n<\/table>\n<p><\/a><\/p>\n<p><a href=\"https:\/\/app.payku.cl\/suscripcion\/index?idplan=1057&amp;verif=b738c43b\" target=\"_blank\" rel=\"noopener\"><\/a><\/p>\n<p align=\"justify\">3 Atenciones de terapias complementarias Grupales para un \u00f1ino\/a<\/p>\n\n\t\t<\/div>\n\t\t\t\t\n<style>\n#col-816047949 > .col-inner {\n  border-radius: 100px;\n}\n<\/style>\n\t<\/div>\n\n\t\n\n\t<div id=\"col-2012258713\" class=\"col medium-3 small-12 large-3\"  >\n\t\t\t\t<div class=\"col-inner\"  >\n\t\t\t\n\t\t\t\n\n<p><a href=\"https:\/\/app.payku.cl\/suscripcion\/index?idplan=1056&amp;verif=c7f3da5a\" target=\"_blank\" rel=\"noopener\"><\/a><\/p>\n<p><a href=\"https:\/\/app.payku.cl\/suscripcion\/index?idplan=1056&amp;verif=c7f3da5a\" target=\"_blank\" rel=\"noopener\"><\/p>\n<table style=\"height: 200px;\" border=\"0\" width=\"70\" cellspacing=\"0\">\n<tbody>\n<tr>\n<td style=\"border-radius: 100px 100px 100px 100px !important; text-align: center;\" align=\"right\" valign=\"center\" bgcolor=\"#E5007E\" width=\"50\"><span style=\"color: #ffffff; align: right;\"><strong><span style=\"font-size: 180%;\">$10.000\/Mes &nbsp;<\/span><\/strong><\/span><\/p>\n<p><span style=\"font-size: 100%; color: #ffffff;\">equivalencia anual <\/span><span style=\"font-size: 180%; color: #ffffff;\"><strong><br \/>8 terapias<\/strong><\/span><\/p>\n<\/td>\n<\/tr>\n<\/tbody>\n<\/table>\n<p><\/a><\/p>\n<p><a href=\"https:\/\/app.payku.cl\/suscripcion\/index?idplan=1056&amp;verif=c7f3da5a\" target=\"_blank\" rel=\"noopener\"><\/a><\/p>\n<p align=\"justify\">2 atenciones de terapias complementarias Grupales para un \u00f1ino\/a<\/p>\n\n\t\t<\/div>\n\t\t\t\t\n<style>\n#col-2012258713 > .col-inner {\n  border-radius: 100px;\n}\n<\/style>\n\t<\/div>\n\n\t\n\n\t<div id=\"col-637490962\" class=\"col medium-3 small-12 large-3\"  >\n\t\t\t\t<div class=\"col-inner\"  >\n\t\t\t\n\t\t\t\n\n<p><a href=\"https:\/\/app.payku.cl\/suscripcion\/index?idplan=1055&amp;verif=a8c304cc\" target=\"_blank\" rel=\"noopener\"><\/a><\/p>\n<p><a href=\"https:\/\/app.payku.cl\/suscripcion\/index?idplan=1055&amp;verif=a8c304cc\" target=\"_blank\" rel=\"noopener\"><\/p>\n<table style=\"height: 200px;\" border=\"0\" width=\"70\" cellspacing=\"0\">\n<tbody>\n<tr>\n<td style=\"border-radius: 100px 100px 100px 100px !important; text-align: center;\" align=\"right\" valign=\"center\" bgcolor=\"#E5007E\" width=\"50\"><span style=\"color: #ffffff; align: right;\"><strong><span style=\"font-size: 180%;\">$5.000 \/Mes &nbsp;<\/span><\/strong><\/span><\/p>\n<p><span style=\"font-size: 100%; color: #ffffff;\">equivalencia anual <\/span><span style=\"font-size: 180%; color: #ffffff;\"><strong><br \/>4 terapias<\/strong><\/span><\/p>\n<\/td>\n<\/tr>\n<\/tbody>\n<\/table>\n<p><\/a><\/p>\n<p><a href=\"https:\/\/app.payku.cl\/suscripcion\/index?idplan=1055&amp;verif=a8c304cc\" target=\"_blank\" rel=\"noopener\"><\/a><\/p>\n<p align=\"justify\">1 atenci\u00f3n de terapia complementaria Grupal para un \u00f1ino\/a<\/p>\n\n\t\t<\/div>\n\t\t\t\t\n<style>\n#col-637490962 > .col-inner {\n  border-radius: 100px;\n}\n<\/style>\n\t<\/div>\n\n\t\n\n<\/div>\n<div class=\"row row-large align-center\"  id=\"row-1392204031\">\n\n\n\t<div id=\"col-710648194\" class=\"col medium-3 small-12 large-3\"  >\n\t\t\t\t<div class=\"col-inner\"  >\n\t\t\t\n\t\t\t\n\n<p><a href=\"https:\/\/app.payku.cl\/suscripcion\/index?idplan=1059&amp;verif=d68c1f69\" target=\"_blank\" rel=\"noopener\"><\/a><\/p>\n<p><a href=\"https:\/\/app.payku.cl\/suscripcion\/index?idplan=1059&amp;verif=d68c1f69\" target=\"_blank\" rel=\"noopener\"><\/p>\n<table style=\"height: 200px;\" border=\"0\" width=\"70\" cellspacing=\"0\">\n<tbody>\n<tr>\n<td style=\"border-radius: 100px 100px 100px 100px !important; text-align: center;\" align=\"right\" valign=\"center\" bgcolor=\"#2a7de2\" width=\"50\"><span style=\"color: #ffffff; align: right;\"><strong><span style=\"font-size: 180%;\">$15.000 \/Mes &nbsp;<\/span><\/strong><\/span><\/p>\n<p><span style=\"font-size: 100%; color: #ffffff;\">equivalencia anual <\/span><span style=\"font-size: 180%; color: #ffffff;\"><strong><br \/>12 terapias<\/strong><\/span><\/p>\n<\/td>\n<\/tr>\n<\/tbody>\n<\/table>\n<p><\/a><\/p>\n<p><a href=\"https:\/\/app.payku.cl\/suscripcion\/index?idplan=1059&amp;verif=d68c1f69\" target=\"_blank\" rel=\"noopener\"><\/a><\/p>\n<p align=\"justify\">1 atenci\u00f3n de terapia complementaria Individual para un \u00f1ino\/a<\/p>\n\n\n\t\t<\/div>\n\t\t\t\t\n<style>\n#col-710648194 > .col-inner {\n  border-radius: 100px;\n}\n<\/style>\n\t<\/div>\n\n\t\n\n\t<div id=\"col-85499248\" class=\"col medium-3 small-12 large-3\"  >\n\t\t\t\t<div class=\"col-inner\"  >\n\t\t\t\n\t\t\t\n\n<p><a href=\"https:\/\/app.payku.cl\/suscripcion\/index?idplan=1060&amp;verif=1b0fc8df\" target=\"_blank\" rel=\"noopener\"><\/a><\/p>\n<p><a href=\"https:\/\/app.payku.cl\/suscripcion\/index?idplan=1060&amp;verif=1b0fc8df\" target=\"_blank\" rel=\"noopener\"><\/p>\n<table style=\"height: 200px;\" border=\"0\" width=\"70\" cellspacing=\"0\">\n<tbody>\n<tr>\n<td style=\"border-radius: 100px 100px 100px 100px !important; text-align: center;\" align=\"right\" valign=\"center\" bgcolor=\"#2a7de2\" width=\"50\"><span style=\"color: #ffffff; align: right;\"><strong><span style=\"font-size: 180%;\">$30.000\/Mes &nbsp;<\/span><\/strong><\/span><\/p>\n<p><span style=\"font-size: 100%; color: #ffffff;\">equivalencia anual <\/span><span style=\"font-size: 180%; color: #ffffff;\"><strong><br \/>24 terapias<\/strong><\/span><\/p>\n<\/td>\n<\/tr>\n<\/tbody>\n<\/table>\n<p><\/a><\/p>\n<p><a href=\"https:\/\/app.payku.cl\/suscripcion\/index?idplan=1060&amp;verif=1b0fc8df\" target=\"_blank\" rel=\"noopener\"><\/a><\/p>\n<p align=\"justify\">2 atenciones de terapias complementarias individuales para un \u00f1ino\/a<\/p>\n\n\n\t\t<\/div>\n\t\t\t\t\n<style>\n#col-85499248 > .col-inner {\n  border-radius: 100px;\n}\n<\/style>\n\t<\/div>\n\n\t\n\n\t<div id=\"col-76650876\" class=\"col medium-3 small-12 large-3\"  >\n\t\t\t\t<div class=\"col-inner\"  >\n\t\t\t\n\t\t\t\n\n<p><a href=\"https:\/\/app.payku.cl\/suscripcion\/index?idplan=1061&amp;verif=9b6a3dbc\" target=\"_blank\" rel=\"noopener\"><\/a><\/p>\n<p><a href=\"https:\/\/app.payku.cl\/suscripcion\/index?idplan=1061&amp;verif=9b6a3dbc\" target=\"_blank\" rel=\"noopener\"><\/p>\n<table style=\"height: 200px;\" border=\"0\" width=\"70\" cellspacing=\"0\">\n<tbody>\n<tr>\n<td style=\"border-radius: 100px 100px 100px 100px !important; text-align: center;\" align=\"right\" valign=\"center\" bgcolor=\"#2a7de2\" width=\"50\"><span style=\"color: #ffffff; align: right;\"><strong><span style=\"font-size: 180%;\">$45.000\/Mes &nbsp;<\/span><\/strong><\/span><\/p>\n<p><span style=\"font-size: 100%; color: #ffffff;\">equivalencia anual <\/span><span style=\"font-size: 180%; color: #ffffff;\"><strong><br \/>36 terapias<\/strong><\/span><\/p>\n<\/td>\n<\/tr>\n<\/tbody>\n<\/table>\n<p><\/a><\/p>\n<p><a href=\"https:\/\/app.payku.cl\/suscripcion\/index?idplan=1061&amp;verif=9b6a3dbc\" target=\"_blank\" rel=\"noopener\"><\/a><\/p>\n<p align=\"justify\">3 Atenciones de terapias complementarias Individuales para un \u00f1ino\/a<\/p>\n\n\n\t\t<\/div>\n\t\t\t\t\n<style>\n#col-76650876 > .col-inner {\n  border-radius: 100px;\n}\n<\/style>\n\t<\/div>\n\n\t\n\n\t<div id=\"col-698000115\" class=\"col medium-3 small-12 large-3\"  >\n\t\t\t\t<div class=\"col-inner\"  >\n\t\t\t\n\t\t\t\n\n<p><a href=\"https:\/\/app.payku.cl\/suscripcion\/index?idplan=1062&amp;verif=f96600a0\" target=\"_blank\" rel=\"noopener\"><\/a><\/p>\n<p><a href=\"https:\/\/app.payku.cl\/suscripcion\/index?idplan=1062&amp;verif=f96600a0\" target=\"_blank\" rel=\"noopener\"><\/p>\n<table style=\"height: 200px;\" border=\"0\" width=\"70\" cellspacing=\"0\">\n<tbody>\n<tr>\n<td style=\"border-radius: 100px 100px 100px 100px !important; text-align: center;\" align=\"right\" valign=\"center\" bgcolor=\"#2a7de2\" width=\"50\"><span style=\"color: #ffffff; align: right;\"><strong><span style=\"font-size: 180%;\">$60.000 \/Mes &nbsp;<\/span><\/strong><\/span><\/p>\n<p><span style=\"font-size: 100%; color: #ffffff;\">equivalencia anual <\/span><span style=\"font-size: 180%; color: #ffffff;\"><strong><br \/>48 terapias<\/strong><\/span><\/p>\n<\/td>\n<\/tr>\n<\/tbody>\n<\/table>\n<p><\/a><\/p>\n<p><a href=\"https:\/\/app.payku.cl\/suscripcion\/index?idplan=1062&amp;verif=f96600a0\" target=\"_blank\" rel=\"noopener\"><\/a><\/p>\n<p align=\"justify\">1 mes de Terapias complementarias Individuales para un ni\u00f1o\/a (4 atenciones)<\/p>\n\n\n\t\t<\/div>\n\t\t\t\t\n<style>\n#col-698000115 > .col-inner {\n  border-radius: 100px;\n}\n<\/style>\n\t<\/div>\n\n\t\n\n<\/div>\n\n\t\t<\/div>\n\n\t\t\n<style>\n#section_1945547507 {\n  padding-top: 1px;\n  padding-bottom: 1px;\n}\n#section_1945547507 .ux-shape-divider--top svg {\n  height: 150px;\n  --divider-top-width: 100%;\n}\n#section_1945547507 .ux-shape-divider--bottom svg {\n  height: 150px;\n  --divider-width: 100%;\n}\n<\/style>\n\t<\/section>\n\t\n\n","protected":false},"excerpt":{"rendered":"","protected":false},"author":1,"featured_media":0,"parent":0,"menu_order":0,"comment_status":"closed","ping_status":"closed","template":"page-blank.php","meta":{"_themeisle_gutenberg_block_has_review":false,"footnotes":""},"class_list":["post-1465","page","type-page","status-publish","hentry"],"acf":[],"_links":{"self":[{"href":"https:\/\/vivirmasfeliz.cl\/wordpress\/wp-json\/wp\/v2\/pages\/1465","targetHints":{"allow":["GET"]}}],"collection":[{"href":"https:\/\/vivirmasfeliz.cl\/wordpress\/wp-json\/wp\/v2\/pages"}],"about":[{"href":"https:\/\/vivirmasfeliz.cl\/wordpress\/wp-json\/wp\/v2\/types\/page"}],"author":[{"embeddable":true,"href":"https:\/\/vivirmasfeliz.cl\/wordpress\/wp-json\/wp\/v2\/users\/1"}],"replies":[{"embeddable":true,"href":"https:\/\/vivirmasfeliz.cl\/wordpress\/wp-json\/wp\/v2\/comments?post=1465"}],"version-history":[{"count":9,"href":"https:\/\/vivirmasfeliz.cl\/wordpress\/wp-json\/wp\/v2\/pages\/1465\/revisions"}],"predecessor-version":[{"id":1474,"href":"https:\/\/vivirmasfeliz.cl\/wordpress\/wp-json\/wp\/v2\/pages\/1465\/revisions\/1474"}],"wp:attachment":[{"href":"https:\/\/vivirmasfeliz.cl\/wordpress\/wp-json\/wp\/v2\/media?parent=1465"}],"curies":[{"name":"wp","href":"https:\/\/api.w.org\/{rel}","templated":true}]}}