{"id":1434,"date":"2022-10-11T18:13:33","date_gmt":"2022-10-11T18:13:33","guid":{"rendered":"https:\/\/vivirmasfeliz.cl\/wordpress\/productos-solidarios-copy\/"},"modified":"2023-09-01T21:09:20","modified_gmt":"2023-09-01T21:09:20","slug":"ayudanos","status":"publish","type":"page","link":"https:\/\/vivirmasfeliz.cl\/wordpress\/ayudanos\/","title":{"rendered":"Ayudanos"},"content":{"rendered":"\n\t<section class=\"section hide-for-medium\" id=\"section_937459704\">\n\t\t<div class=\"bg section-bg fill bg-fill  \" >\n\n\t\t\t\n\t\t\t<div class=\"section-bg-overlay absolute fill\"><\/div>\n\t\t\t\n\n\t\t<\/div>\n\n\t\t\n\n\t\t<div class=\"section-content relative\">\n\t\t\t\n\n\n\t\t<\/div>\n\n\t\t\n<style>\n#section_937459704 {\n  padding-top: 0px;\n  padding-bottom: 0px;\n  min-height: 300px;\n}\n#section_937459704 .section-bg-overlay {\n  background-color: rgba(0, 0, 0, 0.45);\n}\n#section_937459704 .section-bg.bg-loaded {\n  background-image: url(https:\/\/vivirmasfeliz.cl\/wordpress\/wp-content\/uploads\/2021\/07\/v1.png);\n}\n#section_937459704 .section-bg {\n  background-position: 64% 49%;\n}\n#section_937459704 .ux-shape-divider--top svg {\n  height: 150px;\n  --divider-top-width: 100%;\n}\n#section_937459704 .ux-shape-divider--bottom svg {\n  height: 150px;\n  --divider-width: 100%;\n}\n@media (min-width:550px) {\n  #section_937459704 {\n    min-height: 400px;\n  }\n}\n@media (min-width:850px) {\n  #section_937459704 {\n    min-height: 290px;\n  }\n}\n<\/style>\n\t<\/section>\n\t\n\t<section class=\"section show-for-small\" id=\"section_1231627462\">\n\t\t<div class=\"bg section-bg fill bg-fill  \" >\n\n\t\t\t\n\t\t\t<div class=\"section-bg-overlay absolute fill\"><\/div>\n\t\t\t\n\n\t\t<\/div>\n\n\t\t\n\n\t\t<div class=\"section-content relative\">\n\t\t\t\n\n\n\t\t<\/div>\n\n\t\t\n<style>\n#section_1231627462 {\n  padding-top: 0px;\n  padding-bottom: 0px;\n  min-height: 300px;\n}\n#section_1231627462 .section-bg-overlay {\n  background-color: rgba(0, 0, 0, 0.45);\n}\n#section_1231627462 .section-bg.bg-loaded {\n  background-image: url(https:\/\/vivirmasfeliz.cl\/wordpress\/wp-content\/uploads\/2021\/07\/v1.png);\n}\n#section_1231627462 .section-bg {\n  background-position: 64% 49%;\n}\n#section_1231627462 .ux-shape-divider--top svg {\n  height: 150px;\n  --divider-top-width: 100%;\n}\n#section_1231627462 .ux-shape-divider--bottom svg {\n  height: 150px;\n  --divider-width: 100%;\n}\n@media (min-width:550px) {\n  #section_1231627462 {\n    min-height: 400px;\n  }\n}\n@media (min-width:850px) {\n  #section_1231627462 {\n    min-height: 290px;\n  }\n}\n<\/style>\n\t<\/section>\n\t\n\t<section class=\"section hide-for-medium\" id=\"section_1912760016\">\n\t\t<div class=\"bg section-bg fill bg-fill  bg-loaded\" >\n\n\t\t\t\n\t\t\t\n\t\t\t\n\n\t\t<\/div>\n\n\t\t\n\n\t\t<div class=\"section-content relative\">\n\t\t\t\n\n<div class=\"row align-center\"  id=\"row-1805370128\">\n\n\n\t<div id=\"col-874127868\" class=\"col medium-12 small-3 large-3\"  >\n\t\t\t\t<div class=\"col-inner\"  >\n\t\t\t\n\t\t\t\n\n\n\t\t<\/div>\n\t\t\t\t\n<style>\n#col-874127868 > .col-inner {\n  padding: 6% 6% 6% 6%;\n  margin: -80% 0px 0px 0px;\n}\n<\/style>\n\t<\/div>\n\n\t\n\n\t<div id=\"col-950257051\" class=\"col medium-12 small-12 large-3\"  >\n\t\t\t\t<div class=\"col-inner text-center\" style=\"background-color:rgb(229, 0, 126);\" >\n\t\t\t\n\t<div class=\"is-border\"\n\t\tstyle=\"border-color:rgb(73, 193, 147);border-width:0px 0px 0px 0px;\">\n\t<\/div>\n\t\t\t\n\n<h2><span style=\"color: #ffffff\">Ay\u00fadanos<\/span><\/h2>\n\n\t\t<\/div>\n\t\t\t\t\n<style>\n#col-950257051 > .col-inner {\n  padding: 15% 10% 5% 10%;\n  margin: 0 0px 0px 0px;\n}\n@media (min-width:550px) {\n  #col-950257051 > .col-inner {\n    padding: 10% 10% 8% 10%;\n  }\n}\n@media (min-width:850px) {\n  #col-950257051 > .col-inner {\n    padding: 6% 7% 3% 3%;\n    margin: -65px 0px 0px 0px;\n  }\n}\n<\/style>\n\t<\/div>\n\n\t\n\n\t<div id=\"col-1200385569\" class=\"col medium-12 small-12 large-3\"  >\n\t\t\t\t<div class=\"col-inner\"  >\n\t\t\t\n\t\t\t\n\n\n\t\t<\/div>\n\t\t\t\t\n<style>\n#col-1200385569 > .col-inner {\n  padding: 6% 6% 6% 6%;\n  margin: -54% 0px 0px 0px;\n}\n@media (min-width:550px) {\n  #col-1200385569 > .col-inner {\n    margin: -80% 0px 0px 0px;\n  }\n}\n<\/style>\n\t<\/div>\n\n\t\n\n<\/div>\n\n\t\t<\/div>\n\n\t\t\n<style>\n#section_1912760016 {\n  padding-top: 16px;\n  padding-bottom: 16px;\n}\n#section_1912760016 .ux-shape-divider--top svg {\n  height: 150px;\n  --divider-top-width: 100%;\n}\n#section_1912760016 .ux-shape-divider--bottom svg {\n  height: 150px;\n  --divider-width: 100%;\n}\n<\/style>\n\t<\/section>\n\t\n\t<section class=\"section show-for-small\" id=\"section_200051033\">\n\t\t<div class=\"bg section-bg fill bg-fill  bg-loaded\" >\n\n\t\t\t\n\t\t\t\n\t\t\t\n\n\t\t<\/div>\n\n\t\t\n\n\t\t<div class=\"section-content relative\">\n\t\t\t\n\n<div class=\"row align-center\"  id=\"row-1793126694\">\n\n\n\t<div id=\"col-2006691376\" class=\"col medium-12 small-12 large-3\"  >\n\t\t\t\t<div class=\"col-inner text-center\" style=\"background-color:rgb(229, 0, 126);\" >\n\t\t\t\n\t<div class=\"is-border\"\n\t\tstyle=\"border-color:rgb(73, 193, 147);border-width:0px 0px 0px 0px;\">\n\t<\/div>\n\t\t\t\n\n<h2><span style=\"color: #ffffff\">Ay\u00fadanos<\/span><\/h2>\n\n\t\t<\/div>\n\t\t\t\t\n<style>\n#col-2006691376 > .col-inner {\n  padding: 6% 10% 5% 10%;\n  margin: -50px 0px 0px 0px;\n}\n@media (min-width:550px) {\n  #col-2006691376 > .col-inner {\n    padding: 10% 10% 8% 10%;\n    margin: 0 0px 0px 0px;\n  }\n}\n@media (min-width:850px) {\n  #col-2006691376 > .col-inner {\n    padding: 6% 7% 3% 3%;\n    margin: -65px 0px 0px 0px;\n  }\n}\n<\/style>\n\t<\/div>\n\n\t\n\n<\/div>\n\n\t\t<\/div>\n\n\t\t\n<style>\n#section_200051033 {\n  padding-top: 16px;\n  padding-bottom: 16px;\n}\n#section_200051033 .ux-shape-divider--top svg {\n  height: 150px;\n  --divider-top-width: 100%;\n}\n#section_200051033 .ux-shape-divider--bottom svg {\n  height: 150px;\n  --divider-width: 100%;\n}\n<\/style>\n\t<\/section>\n\t\n\t<section class=\"section\" id=\"section_1230314396\">\n\t\t<div class=\"bg section-bg fill bg-fill  bg-loaded\" >\n\n\t\t\t\n\t\t\t\n\t\t\t\n\n\t\t<\/div>\n\n\t\t\n\n\t\t<div class=\"section-content relative\">\n\t\t\t\n\n<div class=\"row align-center\"  id=\"row-373164215\">\n\n\n\t<div id=\"col-1041283895\" class=\"col medium-11 small-12 large-11\"  >\n\t\t\t\t<div class=\"col-inner\"  >\n\t\t\t\n\t\t\t\n\n<h2>C\u00f3mo Donar<\/h2>\n<p align=\"justify\" style=\"font-size: 105%\">\nModelo de atenci\u00f3n integral que une lo m\u00e9dico con el bienestar emocional, enfocado en los ni\u00f1os y no solamente en la enfermedad. Generamos experiencias significativas desarrollando entornos de calidad, acogedores, felices y dignos, a trav\u00e9s de Centros Oncopedi\u00e1tricos TROI, Terapias Complementarias Profesionales, Experiencias para Sonre\u00edr y Aportes y Facilidades, para que los ni\u00f1os con c\u00e1ncer puedan seguir siendo ni\u00f1os.<\/p>\n\n\t\t<\/div>\n\t\t\t\t\t<\/div>\n\n\t\n\n<\/div>\n\n\t\t<\/div>\n\n\t\t\n<style>\n#section_1230314396 {\n  padding-top: 1px;\n  padding-bottom: 1px;\n}\n#section_1230314396 .ux-shape-divider--top svg {\n  height: 150px;\n  --divider-top-width: 100%;\n}\n#section_1230314396 .ux-shape-divider--bottom svg {\n  height: 150px;\n  --divider-width: 100%;\n}\n<\/style>\n\t<\/section>\n\t\n\t<section class=\"section\" id=\"section_2004153249\">\n\t\t<div class=\"bg section-bg fill bg-fill  bg-loaded\" >\n\n\t\t\t\n\t\t\t\n\t\t\t\n\n\t\t<\/div>\n\n\t\t\n\n\t\t<div class=\"section-content relative\">\n\t\t\t\n\n<div class=\"row row-small align-center\"  id=\"row-986442944\">\n\n\n\t<div id=\"col-693922495\" class=\"col medium-4 small-12 large-4\"  >\n\t\t\t\t<div class=\"col-inner\"  >\n\t\t\t\n\t\t\t\n\n\t<div class=\"box has-hover   has-hover box-shadow-4 box-shadow-2-hover box-default box-text-bottom\" >\n\n\t\t<div class=\"box-image\" >\n\t\t\t<a href=\"https:\/\/vivirmasfeliz.cl\/wordpress\/ser-amigo\"  >\t\t\t<div class=\"image-cover\" style=\"padding-top:230px;\">\n\t\t\t\t<img loading=\"lazy\" decoding=\"async\" width=\"1020\" height=\"680\" src=\"https:\/\/vivirmasfeliz.cl\/wordpress\/wp-content\/uploads\/2021\/09\/socio-1200x800.jpg\" class=\"attachment-large size-large\" alt=\"\" srcset=\"https:\/\/vivirmasfeliz.cl\/wordpress\/wp-content\/uploads\/2021\/09\/socio-1200x800.jpg 1200w, https:\/\/vivirmasfeliz.cl\/wordpress\/wp-content\/uploads\/2021\/09\/socio-600x400.jpg 600w, https:\/\/vivirmasfeliz.cl\/wordpress\/wp-content\/uploads\/2021\/09\/socio-768x512.jpg 768w, https:\/\/vivirmasfeliz.cl\/wordpress\/wp-content\/uploads\/2021\/09\/socio.jpg 1251w\" sizes=\"auto, (max-width: 1020px) 100vw, 1020px\" \/>\t\t\t\t\t\t\t\t\t\t\t<\/div>\n\t\t\t<\/a>\t\t<\/div>\n\n\t\t<div class=\"box-text text-center\" >\n\t\t\t<div class=\"box-text-inner\">\n\t\t\t\t\n\n\t<div id=\"text-1716705101\" class=\"text\">\n\t\t\n\n<h4>HAZTE SOCIO<\/h4>\n\t\t\n<style>\n#text-1716705101 {\n  line-height: 2.15;\n}\n<\/style>\n\t<\/div>\n\t\n<div class=\"is-divider divider clearfix\" ><\/div>\n\n\t<div id=\"text-2908380354\" class=\"text\">\n\t\t\n\n<p align=\"justify\"> 1 Haz tu aporte mensual de forma autom\u00e1tica, segura y 100% online, a trav\u00e9s de Webpay de Transbank \u2013 QVO.<\/p>\n\t\t\n<style>\n#text-2908380354 {\n  line-height: 2.05;\n}\n<\/style>\n\t<\/div>\n\t\n<a href=\"https:\/\/vivirmasfeliz.cl\/wordpress\/ser-amigo\" target=\"_self\" class=\"button secondary is-shade box-shadow-3 box-shadow-5-hover lowercase expand\"  style=\"border-radius:26px;\">\n    <span>Ser Amigo<\/span>\n  <\/a>\n\n\n\n\t\t\t<\/div>\n\t\t<\/div>\n\t<\/div>\n\t\n\n\t\t<\/div>\n\t\t\t\t\t<\/div>\n\n\t\n\n\t<div id=\"col-1200077954\" class=\"col medium-4 small-12 large-4\"  >\n\t\t\t\t<div class=\"col-inner\"  >\n\t\t\t\n\t\t\t\n\n\t<div class=\"box has-hover   has-hover box-shadow-4 box-shadow-2-hover box-default box-text-bottom\" >\n\n\t\t<div class=\"box-image\" >\n\t\t\t<a href=\"https:\/\/vivirmasfeliz.cl\/wordpress\/sello-solidario\"  >\t\t\t<div class=\"image-cover\" style=\"padding-top:230px;\">\n\t\t\t\t<img loading=\"lazy\" decoding=\"async\" width=\"1251\" height=\"835\" src=\"https:\/\/vivirmasfeliz.cl\/wordpress\/wp-content\/uploads\/2021\/09\/sello.jpg\" class=\"attachment- size-\" alt=\"\" srcset=\"https:\/\/vivirmasfeliz.cl\/wordpress\/wp-content\/uploads\/2021\/09\/sello.jpg 1251w, https:\/\/vivirmasfeliz.cl\/wordpress\/wp-content\/uploads\/2021\/09\/sello-599x400.jpg 599w, https:\/\/vivirmasfeliz.cl\/wordpress\/wp-content\/uploads\/2021\/09\/sello-1199x800.jpg 1199w, https:\/\/vivirmasfeliz.cl\/wordpress\/wp-content\/uploads\/2021\/09\/sello-768x513.jpg 768w\" sizes=\"auto, (max-width: 1251px) 100vw, 1251px\" \/>\t\t\t\t\t\t\t\t\t\t\t<\/div>\n\t\t\t<\/a>\t\t<\/div>\n\n\t\t<div class=\"box-text text-center\" >\n\t\t\t<div class=\"box-text-inner\">\n\t\t\t\t\n\n\t<div id=\"text-2445879323\" class=\"text\">\n\t\t\n\n<h4> SELLO SOLIDARIO<\/h4>\n\t\t\n<style>\n#text-2445879323 {\n  line-height: 2.15;\n}\n<\/style>\n\t<\/div>\n\t\n<div class=\"is-divider divider clearfix\" ><\/div>\n\n\t<div id=\"text-1113396306\" class=\"text\">\n\t\t\n\n<p align=\"justify\"> Elige con sentido los emprendimientos, marcas y comercios del Sello.<\/p>\n<p>&nbsp;<\/p>\n\t\t\n<style>\n#text-1113396306 {\n  line-height: 2.05;\n}\n<\/style>\n\t<\/div>\n\t\n<a href=\"https:\/\/vivirmasfeliz.cl\/wordpress\/marca-sello-solidario\/\" target=\"_self\" class=\"button secondary is-shade box-shadow-3 box-shadow-5-hover lowercase expand\"  style=\"border-radius:26px;\">\n    <span>Sello Solidario<\/span>\n  <\/a>\n\n\n\n\t\t\t<\/div>\n\t\t<\/div>\n\t<\/div>\n\t\n\n\t\t<\/div>\n\t\t\t\t\t<\/div>\n\n\t\n\n\t<div id=\"col-138627237\" class=\"col medium-4 small-12 large-4\"  >\n\t\t\t\t<div class=\"col-inner\"  >\n\t\t\t\n\t\t\t\n\n\t<div class=\"box has-hover   has-hover box-shadow-4 box-shadow-2-hover box-default box-text-bottom\" >\n\n\t\t<div class=\"box-image\" >\n\t\t\t<a href=\"https:\/\/vivirmasfeliz.cl\/wordpress\/productos-solidarios\"  >\t\t\t<div class=\"image-cover\" style=\"padding-top:230px;\">\n\t\t\t\t<img loading=\"lazy\" decoding=\"async\" width=\"1020\" height=\"681\" src=\"https:\/\/vivirmasfeliz.cl\/wordpress\/wp-content\/uploads\/2021\/09\/productos-soli-1199x800.jpg\" class=\"attachment-large size-large\" alt=\"\" srcset=\"https:\/\/vivirmasfeliz.cl\/wordpress\/wp-content\/uploads\/2021\/09\/productos-soli-1199x800.jpg 1199w, https:\/\/vivirmasfeliz.cl\/wordpress\/wp-content\/uploads\/2021\/09\/productos-soli-599x400.jpg 599w, https:\/\/vivirmasfeliz.cl\/wordpress\/wp-content\/uploads\/2021\/09\/productos-soli-768x513.jpg 768w, https:\/\/vivirmasfeliz.cl\/wordpress\/wp-content\/uploads\/2021\/09\/productos-soli.jpg 1251w\" sizes=\"auto, (max-width: 1020px) 100vw, 1020px\" \/>\t\t\t\t\t\t\t\t\t\t\t<\/div>\n\t\t\t<\/a>\t\t<\/div>\n\n\t\t<div class=\"box-text text-center\" >\n\t\t\t<div class=\"box-text-inner\">\n\t\t\t\t\n\n\t<div id=\"text-2626156164\" class=\"text\">\n\t\t\n\n<h4> PRODUCTOS SOLIDARIOS V+F<\/h4>\n\t\t\n<style>\n#text-2626156164 {\n  line-height: 2.15;\n}\n<\/style>\n\t<\/div>\n\t\n<div class=\"is-divider divider clearfix\" ><\/div>\n\n\t<div id=\"text-964328062\" class=\"text\">\n\t\t\n\n<p align=\"justify\"> Elige con sentido los Productos Solidarios V+F, en alianza con distintas marcas.<\/p>\n<p>&nbsp;<\/p>\n\t\t\n<style>\n#text-964328062 {\n  line-height: 2.05;\n}\n<\/style>\n\t<\/div>\n\t\n<a href=\"https:\/\/vivirmasfeliz.cl\/wordpress\/productos-solidarios\" target=\"_self\" class=\"button secondary is-shade box-shadow-3 box-shadow-5-hover lowercase expand\"  style=\"border-radius:26px;\">\n    <span>Ver Productos V+F<\/span>\n  <\/a>\n\n\n\n\t\t\t<\/div>\n\t\t<\/div>\n\t<\/div>\n\t\n\n\t\t<\/div>\n\t\t\t\t\t<\/div>\n\n\t\n\n<\/div>\n<div class=\"row row-small align-center\"  id=\"row-2101954545\">\n\n\n\t<div id=\"col-53868071\" class=\"col medium-4 small-12 large-4\"  >\n\t\t\t\t<div class=\"col-inner\"  >\n\t\t\t\n\t\t\t\n\n\t<div class=\"box has-hover   has-hover box-shadow-4 box-shadow-2-hover box-default box-text-bottom\" >\n\n\t\t<div class=\"box-image\" >\n\t\t\t<a href=\"https:\/\/yodono.cl\/donar\/46?wl=1\"  >\t\t\t<div class=\"image-cover\" style=\"padding-top:230px;\">\n\t\t\t\t<img loading=\"lazy\" decoding=\"async\" width=\"846\" height=\"800\" src=\"https:\/\/vivirmasfeliz.cl\/wordpress\/wp-content\/uploads\/2021\/09\/ra-846x800.jpg\" class=\"attachment-large size-large\" alt=\"\" srcset=\"https:\/\/vivirmasfeliz.cl\/wordpress\/wp-content\/uploads\/2021\/09\/ra-846x800.jpg 846w, https:\/\/vivirmasfeliz.cl\/wordpress\/wp-content\/uploads\/2021\/09\/ra-423x400.jpg 423w, https:\/\/vivirmasfeliz.cl\/wordpress\/wp-content\/uploads\/2021\/09\/ra-768x726.jpg 768w, https:\/\/vivirmasfeliz.cl\/wordpress\/wp-content\/uploads\/2021\/09\/ra.jpg 877w\" sizes=\"auto, (max-width: 846px) 100vw, 846px\" \/>\t\t\t\t\t\t\t\t\t\t\t<\/div>\n\t\t\t<\/a>\t\t<\/div>\n\n\t\t<div class=\"box-text text-center\" >\n\t\t\t<div class=\"box-text-inner\">\n\t\t\t\t\n\n\t<div id=\"text-2436660321\" class=\"text\">\n\t\t\n\n<h4>DONACI\u00d3N UNICA O DEL EXTRANJERO<\/h4>\n\t\t\n<style>\n#text-2436660321 {\n  line-height: 2.15;\n}\n<\/style>\n\t<\/div>\n\t\n<div class=\"is-divider divider clearfix\" ><\/div>\n\n\t<div id=\"text-3102370339\" class=\"text\">\n\t\t\n\n<p align=\"justify\">Con transferencia bancaria:<\/p>\n<ul align=\"justify\">\n<li>USD desde cualquier parte del mundo, excepto Europa:<br>\nBanco Santander de Chile<br>\nNombre: Fundacion Vivir mas Feliz<br>\nRUT: 65.043.283-5<br>\nCta cte: 65248514<br>\nSwift: BSCHCLRM<br>\nDirecci\u00f3n: Bandera 140, Santiago de Chile<br>\n<a href=\"mailto: donaciones@vivirmasfeliz.cl\"> donaciones@vivirmasfeliz.cl<\/a><p><\/p>\n<\/li><li>USD desde Europa:<br>IBAN: ES 7100 4954 9480 2310 154265<\/li>\n<li>EUR desde cualquier parte:<br>IBAN: ES 4200 495494852910148818<\/li>\n<\/ul>\n\t\t\n<style>\n#text-3102370339 {\n  line-height: 2.05;\n}\n<\/style>\n\t<\/div>\n\t\n<a href=\"https:\/\/yodono.cl\/donar\/46?wl=1\" target=\"_self\" class=\"button secondary is-shade box-shadow-3 box-shadow-5-hover lowercase expand\"  style=\"border-radius:26px;\">\n    <span>Dona Aca<\/span>\n  <\/a>\n\n\n\n\t\t\t<\/div>\n\t\t<\/div>\n\t<\/div>\n\t\n\n\t\t<\/div>\n\t\t\t\t\t<\/div>\n\n\t\n\n\t<div id=\"col-1393237026\" class=\"col medium-4 small-12 large-4\"  >\n\t\t\t\t<div class=\"col-inner\"  >\n\t\t\t\n\t\t\t\n\n\t<div class=\"box has-hover   has-hover box-shadow-4 box-shadow-2-hover box-default box-text-bottom\" >\n\n\t\t<div class=\"box-image\" >\n\t\t\t<a href=\"https:\/\/vivirmasfeliz.cl\/wordpress\/gift-cards-coorporativas-vf\/\"  >\t\t\t<div class=\"image-cover\" style=\"padding-top:230px;\">\n\t\t\t\t<img loading=\"lazy\" decoding=\"async\" width=\"825\" height=\"800\" src=\"https:\/\/vivirmasfeliz.cl\/wordpress\/wp-content\/uploads\/2021\/09\/gifti-825x800.jpg\" class=\"attachment-large size-large\" alt=\"\" srcset=\"https:\/\/vivirmasfeliz.cl\/wordpress\/wp-content\/uploads\/2021\/09\/gifti-825x800.jpg 825w, https:\/\/vivirmasfeliz.cl\/wordpress\/wp-content\/uploads\/2021\/09\/gifti-413x400.jpg 413w, https:\/\/vivirmasfeliz.cl\/wordpress\/wp-content\/uploads\/2021\/09\/gifti-768x745.jpg 768w, https:\/\/vivirmasfeliz.cl\/wordpress\/wp-content\/uploads\/2021\/09\/gifti.jpg 858w\" sizes=\"auto, (max-width: 825px) 100vw, 825px\" \/>\t\t\t\t\t\t\t\t\t\t\t<\/div>\n\t\t\t<\/a>\t\t<\/div>\n\n\t\t<div class=\"box-text text-center\" >\n\t\t\t<div class=\"box-text-inner\">\n\t\t\t\t\n\n\t<div id=\"text-1821279763\" class=\"text\">\n\t\t\n\n<h4>GIFT CARD CORPORATIVOS<\/h4>\n\t\t\n<style>\n#text-1821279763 {\n  line-height: 2.15;\n}\n<\/style>\n\t<\/div>\n\t\n<div class=\"is-divider divider clearfix\" ><\/div>\n\n\t<div id=\"text-2499451359\" class=\"text\">\n\t\t\n\n<p align=\"justify\"> Tarjetas de regalo para colaboradores y clientes de empresas para usar en Cencosud, Falabella y otros. Para m\u00e1s informaci\u00f3n, escr\u00edbenos a contacto@vivirmasfeliz.cl.<\/p>\n<p>&nbsp;<\/p>\n\t\t\n<style>\n#text-2499451359 {\n  line-height: 2.05;\n}\n<\/style>\n\t<\/div>\n\t\n<a href=\"https:\/\/vivirmasfeliz.cl\/wordpress\/gift-cards-coorporativas-vf\/\" target=\"_self\" class=\"button secondary is-shade box-shadow-3 box-shadow-5-hover lowercase expand\"  style=\"border-radius:26px;\">\n    <span>Gift Card<\/span>\n  <\/a>\n\n\n\n\t\t\t<\/div>\n\t\t<\/div>\n\t<\/div>\n\t\n\n\t\t<\/div>\n\t\t\t\t\t<\/div>\n\n\t\n\n<\/div>\n\n\t\t<\/div>\n\n\t\t\n<style>\n#section_2004153249 {\n  padding-top: 1px;\n  padding-bottom: 1px;\n}\n#section_2004153249 .ux-shape-divider--top svg {\n  height: 150px;\n  --divider-top-width: 100%;\n}\n#section_2004153249 .ux-shape-divider--bottom svg {\n  height: 150px;\n  --divider-width: 100%;\n}\n<\/style>\n\t<\/section>\n\t\n\n","protected":false},"excerpt":{"rendered":"","protected":false},"author":1,"featured_media":0,"parent":0,"menu_order":0,"comment_status":"closed","ping_status":"closed","template":"page-blank.php","meta":{"_themeisle_gutenberg_block_has_review":false,"footnotes":""},"class_list":["post-1434","page","type-page","status-publish","hentry"],"acf":[],"_links":{"self":[{"href":"https:\/\/vivirmasfeliz.cl\/wordpress\/wp-json\/wp\/v2\/pages\/1434","targetHints":{"allow":["GET"]}}],"collection":[{"href":"https:\/\/vivirmasfeliz.cl\/wordpress\/wp-json\/wp\/v2\/pages"}],"about":[{"href":"https:\/\/vivirmasfeliz.cl\/wordpress\/wp-json\/wp\/v2\/types\/page"}],"author":[{"embeddable":true,"href":"https:\/\/vivirmasfeliz.cl\/wordpress\/wp-json\/wp\/v2\/users\/1"}],"replies":[{"embeddable":true,"href":"https:\/\/vivirmasfeliz.cl\/wordpress\/wp-json\/wp\/v2\/comments?post=1434"}],"version-history":[{"count":35,"href":"https:\/\/vivirmasfeliz.cl\/wordpress\/wp-json\/wp\/v2\/pages\/1434\/revisions"}],"predecessor-version":[{"id":2252,"href":"https:\/\/vivirmasfeliz.cl\/wordpress\/wp-json\/wp\/v2\/pages\/1434\/revisions\/2252"}],"wp:attachment":[{"href":"https:\/\/vivirmasfeliz.cl\/wordpress\/wp-json\/wp\/v2\/media?parent=1434"}],"curies":[{"name":"wp","href":"https:\/\/api.w.org\/{rel}","templated":true}]}}