{"id":1300,"date":"2022-10-10T15:47:27","date_gmt":"2022-10-10T15:47:27","guid":{"rendered":"https:\/\/vivirmasfeliz.cl\/wordpress\/autocuidado-copy\/"},"modified":"2022-10-10T17:02:20","modified_gmt":"2022-10-10T17:02:20","slug":"amigos-imaginarios","status":"publish","type":"page","link":"https:\/\/vivirmasfeliz.cl\/wordpress\/amigos-imaginarios\/","title":{"rendered":"La Sociedad de los Amigos Imaginarios"},"content":{"rendered":"\n\t<section class=\"section hide-for-medium\" id=\"section_1562709248\">\n\t\t<div class=\"bg section-bg fill bg-fill  \" >\n\n\t\t\t\n\t\t\t<div class=\"section-bg-overlay absolute fill\"><\/div>\n\t\t\t\n\n\t\t<\/div>\n\n\t\t\n\n\t\t<div class=\"section-content relative\">\n\t\t\t\n\n\n\t\t<\/div>\n\n\t\t\n<style>\n#section_1562709248 {\n  padding-top: 0px;\n  padding-bottom: 0px;\n  min-height: 300px;\n}\n#section_1562709248 .section-bg-overlay {\n  background-color: rgba(0, 0, 0, 0.45);\n}\n#section_1562709248 .section-bg.bg-loaded {\n  background-image: url(https:\/\/vivirmasfeliz.cl\/wordpress\/wp-content\/uploads\/2021\/07\/v1.png);\n}\n#section_1562709248 .section-bg {\n  background-position: 64% 49%;\n}\n#section_1562709248 .ux-shape-divider--top svg {\n  height: 150px;\n  --divider-top-width: 100%;\n}\n#section_1562709248 .ux-shape-divider--bottom svg {\n  height: 150px;\n  --divider-width: 100%;\n}\n@media (min-width:550px) {\n  #section_1562709248 {\n    min-height: 400px;\n  }\n}\n@media (min-width:850px) {\n  #section_1562709248 {\n    min-height: 290px;\n  }\n}\n<\/style>\n\t<\/section>\n\t\n\t<section class=\"section show-for-small\" id=\"section_1871158687\">\n\t\t<div class=\"bg section-bg fill bg-fill  \" >\n\n\t\t\t\n\t\t\t<div class=\"section-bg-overlay absolute fill\"><\/div>\n\t\t\t\n\n\t\t<\/div>\n\n\t\t\n\n\t\t<div class=\"section-content relative\">\n\t\t\t\n\n\n\t\t<\/div>\n\n\t\t\n<style>\n#section_1871158687 {\n  padding-top: 0px;\n  padding-bottom: 0px;\n  min-height: 300px;\n}\n#section_1871158687 .section-bg-overlay {\n  background-color: rgba(0, 0, 0, 0.45);\n}\n#section_1871158687 .section-bg.bg-loaded {\n  background-image: url(https:\/\/vivirmasfeliz.cl\/wordpress\/wp-content\/uploads\/2021\/07\/v1.png);\n}\n#section_1871158687 .section-bg {\n  background-position: 64% 49%;\n}\n#section_1871158687 .ux-shape-divider--top svg {\n  height: 150px;\n  --divider-top-width: 100%;\n}\n#section_1871158687 .ux-shape-divider--bottom svg {\n  height: 150px;\n  --divider-width: 100%;\n}\n@media (min-width:550px) {\n  #section_1871158687 {\n    min-height: 400px;\n  }\n}\n@media (min-width:850px) {\n  #section_1871158687 {\n    min-height: 290px;\n  }\n}\n<\/style>\n\t<\/section>\n\t\n\t<section class=\"section hide-for-medium\" id=\"section_1246392473\">\n\t\t<div class=\"bg section-bg fill bg-fill  bg-loaded\" >\n\n\t\t\t\n\t\t\t\n\t\t\t\n\n\t\t<\/div>\n\n\t\t\n\n\t\t<div class=\"section-content relative\">\n\t\t\t\n\n<div class=\"row align-center\"  id=\"row-985271773\">\n\n\n\t<div id=\"col-1387013445\" class=\"col medium-12 small-3 large-3\"  >\n\t\t\t\t<div class=\"col-inner\"  >\n\t\t\t\n\t\t\t\n\n\n\t\t<\/div>\n\t\t\t\t\n<style>\n#col-1387013445 > .col-inner {\n  padding: 6% 6% 6% 6%;\n  margin: -80% 0px 0px 0px;\n}\n<\/style>\n\t<\/div>\n\n\t\n\n\t<div id=\"col-1558306574\" class=\"col medium-12 small-12 large-6\"  >\n\t\t\t\t<div class=\"col-inner text-center\" style=\"background-color:rgb(229, 0, 126);\" >\n\t\t\t\n\t<div class=\"is-border\"\n\t\tstyle=\"border-color:rgb(73, 193, 147);border-width:0px 0px 0px 0px;\">\n\t<\/div>\n\t\t\t\n\n<h2><span style=\"color: #ffffff;\">La Sociedad de los Amigos Imaginarios<\/span><\/h2>\n\n\t\t<\/div>\n\t\t\t\t\n<style>\n#col-1558306574 > .col-inner {\n  padding: 15% 10% 5% 10%;\n  margin: 0 0px 0px 0px;\n}\n@media (min-width:550px) {\n  #col-1558306574 > .col-inner {\n    padding: 10% 10% 8% 10%;\n  }\n}\n@media (min-width:850px) {\n  #col-1558306574 > .col-inner {\n    padding: 6% 7% 3% 3%;\n    margin: -65px 0px 0px 0px;\n  }\n}\n<\/style>\n\t<\/div>\n\n\t\n\n\t<div id=\"col-2081883984\" class=\"col medium-12 small-12 large-3\"  >\n\t\t\t\t<div class=\"col-inner\"  >\n\t\t\t\n\t\t\t\n\n\n\t\t<\/div>\n\t\t\t\t\n<style>\n#col-2081883984 > .col-inner {\n  padding: 6% 6% 6% 6%;\n  margin: -54% 0px 0px 0px;\n}\n@media (min-width:550px) {\n  #col-2081883984 > .col-inner {\n    margin: -80% 0px 0px 0px;\n  }\n}\n<\/style>\n\t<\/div>\n\n\t\n\n<\/div>\n\n\t\t<\/div>\n\n\t\t\n<style>\n#section_1246392473 {\n  padding-top: 16px;\n  padding-bottom: 16px;\n}\n#section_1246392473 .ux-shape-divider--top svg {\n  height: 150px;\n  --divider-top-width: 100%;\n}\n#section_1246392473 .ux-shape-divider--bottom svg {\n  height: 150px;\n  --divider-width: 100%;\n}\n<\/style>\n\t<\/section>\n\t\n\t<section class=\"section show-for-small\" id=\"section_1068964803\">\n\t\t<div class=\"bg section-bg fill bg-fill  bg-loaded\" >\n\n\t\t\t\n\t\t\t\n\t\t\t\n\n\t\t<\/div>\n\n\t\t\n\n\t\t<div class=\"section-content relative\">\n\t\t\t\n\n<div class=\"row align-center\"  id=\"row-455914203\">\n\n\n\t<div id=\"col-2045399252\" class=\"col medium-12 small-12 large-3\"  >\n\t\t\t\t<div class=\"col-inner text-center\" style=\"background-color:rgb(229, 0, 126);\" >\n\t\t\t\n\t<div class=\"is-border\"\n\t\tstyle=\"border-color:rgb(73, 193, 147);border-width:0px 0px 0px 0px;\">\n\t<\/div>\n\t\t\t\n\n<h2><span style=\"color: #ffffff;\">La Sociedad de los Amigos Imaginarios<\/span><\/h2>\n\n\t\t<\/div>\n\t\t\t\t\n<style>\n#col-2045399252 > .col-inner {\n  padding: 6% 10% 5% 10%;\n  margin: -50px 0px 0px 0px;\n}\n@media (min-width:550px) {\n  #col-2045399252 > .col-inner {\n    padding: 10% 10% 8% 10%;\n    margin: 0 0px 0px 0px;\n  }\n}\n@media (min-width:850px) {\n  #col-2045399252 > .col-inner {\n    padding: 6% 7% 3% 3%;\n    margin: -65px 0px 0px 0px;\n  }\n}\n<\/style>\n\t<\/div>\n\n\t\n\n<\/div>\n\n\t\t<\/div>\n\n\t\t\n<style>\n#section_1068964803 {\n  padding-top: 16px;\n  padding-bottom: 16px;\n}\n#section_1068964803 .ux-shape-divider--top svg {\n  height: 150px;\n  --divider-top-width: 100%;\n}\n#section_1068964803 .ux-shape-divider--bottom svg {\n  height: 150px;\n  --divider-width: 100%;\n}\n<\/style>\n\t<\/section>\n\t\n\t<section class=\"section\" id=\"section_791120369\">\n\t\t<div class=\"bg section-bg fill bg-fill  bg-loaded\" >\n\n\t\t\t\n\t\t\t\n\t\t\t\n\n\t\t<\/div>\n\n\t\t\n\n\t\t<div class=\"section-content relative\">\n\t\t\t\n\n<div class=\"row align-center\"  id=\"row-1037073176\">\n\n\n\t<div id=\"col-597914984\" class=\"col medium-11 small-12 large-11\"  >\n\t\t\t\t<div class=\"col-inner\"  >\n\t\t\t\n\t\t\t\n\n<p style=\"font-size: 105%;\" align=\"justify\">Un diagn\u00f3stico de c\u00e1ncer asusta a cualquiera, pero para un ni\u00f1o, y su familia, puede ser a\u00fan m\u00e1s aterrador. Est\u00e1n bombardeados con conceptos desconocidos e intimidantes. Ah\u00ed es donde entra <strong>IFS \u2013 La Sociedad de los Amigos Imaginarios<\/strong>, un elenco de divertidos personajes, inspirados en la imaginaci\u00f3n de ni\u00f1os con c\u00e1ncer, que a trav\u00e9s de una serie de 18 cortometrajes, nos presentan una amplia variedad de temas complicados sobre esta enfermedad de una forma diferente, atractiva y explicativa para ni\u00f1os y para toda la familia. Porque mientras m\u00e1s entiendan los ni\u00f1os con c\u00e1ncer, y todos nosotros, lo que est\u00e1n viviendo, menos miedo tendr\u00e1n y podr\u00e1n vivir mejor su proceso.<\/p>\n<p align=\"justify\">Antes de ver los videos, los invitamos a hacer <span style=\"color: #0000ff;\"><a style=\"color: #0000ff;\" href=\"#notasifs\"><em><strong>click ac\u00e1<\/strong><\/em><\/a><\/span> para darles algunas recomendaciones sobre ciertos conceptos.<\/p>\n<p align=\"justify\"><strong>\u00a1DIBUJA, COMPARTE Y DONA TU AMIGO IMAGINARIO!<\/strong> Recuerda mencionar a <span style=\"color: #0000ff;\"><strong><a style=\"color: #0000ff;\" href=\"https:\/\/www.instagram.com\/pbtf_events\/\">@pbtf_events<\/a><\/strong><\/span> y a <span style=\"color: #0000ff;\"><strong><a style=\"color: #0000ff;\" href=\"https:\/\/www.instagram.com\/vivirmasfelizcl\/\">@vivirmasfelizcl<\/a><\/strong>,<\/span> adem\u00e1s de usar los hashtags <strong>#imaginaryfriendsociety<\/strong> e <strong>#ifschile<\/strong><\/p>\n<p>&nbsp;<\/p>\n\n\t\t<\/div>\n\t\t\t\t\t<\/div>\n\n\t\n\n\t<div id=\"col-1399705162\" class=\"col medium-11 small-12 large-11\"  >\n\t\t\t\t<div class=\"col-inner\"  >\n\t\t\t\n\t\t\t\n\n<div class=\"epyt-gallery\" data-currpage=\"1\" id=\"epyt_gallery_14232\"><iframe loading=\"lazy\"  id=\"_ytid_50192\"  width=\"1020\" height=\"573\"  data-origwidth=\"1020\" data-origheight=\"573\" src=\"https:\/\/www.youtube.com\/embed\/lgXutoRHvyg?enablejsapi=1&autoplay=0&cc_load_policy=0&cc_lang_pref=&iv_load_policy=1&loop=0&modestbranding=0&rel=1&fs=1&playsinline=0&autohide=2&theme=dark&color=red&controls=1&\" class=\"__youtube_prefs__  no-lazyload\" title=\"YouTube player\"  data-epytgalleryid=\"epyt_gallery_14232\"  allow=\"fullscreen; accelerometer; autoplay; clipboard-write; encrypted-media; gyroscope; picture-in-picture\" allowfullscreen data-no-lazy=\"1\" data-skipgform_ajax_framebjll=\"\"><\/iframe><div class=\"epyt-gallery-list\"><div class=\"epyt-pagination \"><div tabindex=\"0\" role=\"button\" class=\"epyt-pagebutton epyt-prev  hide \" data-playlistid=\"PLqxrdEicmK4mCXdr4aDbzQKD4caspSu_n\" data-pagesize=\"15\" data-pagetoken=\"\" data-epcolumns=\"3\" data-showtitle=\"1\" data-showpaging=\"1\" data-autonext=\"0\" data-thumbplay=\"1\"><div class=\"epyt-arrow\">&laquo;<\/div> <div>Prev<\/div><\/div><div class=\"epyt-pagenumbers \"><div class=\"epyt-current\">1<\/div><div class=\"epyt-pageseparator\"> \/ <\/div><div class=\"epyt-totalpages\">2<\/div><\/div><div tabindex=\"0\" role=\"button\" class=\"epyt-pagebutton epyt-next\" data-playlistid=\"PLqxrdEicmK4mCXdr4aDbzQKD4caspSu_n\" data-pagesize=\"15\" data-pagetoken=\"EAAaHlBUOkNBOGlFRGN4TWpVME1qQTVNekJDTWpFek0wWQ\" data-epcolumns=\"3\" data-showtitle=\"1\" data-showpaging=\"1\" data-autonext=\"0\" data-thumbplay=\"1\"><div>Next<\/div> <div class=\"epyt-arrow\">&raquo;<\/div><\/div><div class=\"epyt-loader\"><img loading=\"lazy\" decoding=\"async\" alt=\"loading\" width=\"16\" height=\"11\" src=\"https:\/\/vivirmasfeliz.cl\/wordpress\/wp-content\/plugins\/youtube-embed-plus\/images\/gallery-page-loader.gif\"><\/div><\/div><div class=\"epyt-gallery-allthumbs  epyt-cols-3 \"><div tabindex=\"0\" role=\"button\" data-videoid=\"lgXutoRHvyg\" class=\"epyt-gallery-thumb\"><div class=\"epyt-gallery-img-box\"><div class=\"epyt-gallery-img\" style=\"background-image: url(https:\/\/i.ytimg.com\/vi\/lgXutoRHvyg\/hqdefault.jpg)\"><div class=\"epyt-gallery-playhover\"><img loading=\"lazy\" decoding=\"async\" alt=\"play\" class=\"epyt-play-img\" width=\"30\" height=\"23\" src=\"https:\/\/vivirmasfeliz.cl\/wordpress\/wp-content\/plugins\/youtube-embed-plus\/images\/playhover.png\" data-no-lazy=\"1\" data-skipgform_ajax_framebjll=\"\" \/><div class=\"epyt-gallery-playcrutch\"><\/div><\/div><\/div><\/div><div class=\"epyt-gallery-title\">1. \u00a1Bienvenidos a La Sociedad de los Amigos Imaginarios!<\/div><\/div><div tabindex=\"0\" role=\"button\" data-videoid=\"Bskd0DkEfl0\" class=\"epyt-gallery-thumb\"><div class=\"epyt-gallery-img-box\"><div class=\"epyt-gallery-img\" style=\"background-image: url(https:\/\/i.ytimg.com\/vi\/Bskd0DkEfl0\/hqdefault.jpg)\"><div class=\"epyt-gallery-playhover\"><img loading=\"lazy\" decoding=\"async\" alt=\"play\" class=\"epyt-play-img\" width=\"30\" height=\"23\" src=\"https:\/\/vivirmasfeliz.cl\/wordpress\/wp-content\/plugins\/youtube-embed-plus\/images\/playhover.png\" data-no-lazy=\"1\" data-skipgform_ajax_framebjll=\"\" \/><div class=\"epyt-gallery-playcrutch\"><\/div><\/div><\/div><\/div><div class=\"epyt-gallery-title\">2. Enter\u00e1ndome que tengo c\u00e1ncer - La Sociedad de los Amigos Imaginarios<\/div><\/div><div tabindex=\"0\" role=\"button\" data-videoid=\"OLMK9W8VbWs\" class=\"epyt-gallery-thumb\"><div class=\"epyt-gallery-img-box\"><div class=\"epyt-gallery-img\" style=\"background-image: url(https:\/\/i.ytimg.com\/vi\/OLMK9W8VbWs\/hqdefault.jpg)\"><div class=\"epyt-gallery-playhover\"><img loading=\"lazy\" decoding=\"async\" alt=\"play\" class=\"epyt-play-img\" width=\"30\" height=\"23\" src=\"https:\/\/vivirmasfeliz.cl\/wordpress\/wp-content\/plugins\/youtube-embed-plus\/images\/playhover.png\" data-no-lazy=\"1\" data-skipgform_ajax_framebjll=\"\" \/><div class=\"epyt-gallery-playcrutch\"><\/div><\/div><\/div><\/div><div class=\"epyt-gallery-title\">3. Me siento triste - La Sociedad de los Amigos Imaginarios<\/div><\/div><div class=\"epyt-gallery-rowbreak\"><\/div><div tabindex=\"0\" role=\"button\" data-videoid=\"ba5sT0l1siU\" class=\"epyt-gallery-thumb\"><div class=\"epyt-gallery-img-box\"><div class=\"epyt-gallery-img\" style=\"background-image: url(https:\/\/i.ytimg.com\/vi\/ba5sT0l1siU\/hqdefault.jpg)\"><div class=\"epyt-gallery-playhover\"><img loading=\"lazy\" decoding=\"async\" alt=\"play\" class=\"epyt-play-img\" width=\"30\" height=\"23\" src=\"https:\/\/vivirmasfeliz.cl\/wordpress\/wp-content\/plugins\/youtube-embed-plus\/images\/playhover.png\" data-no-lazy=\"1\" data-skipgform_ajax_framebjll=\"\" \/><div class=\"epyt-gallery-playcrutch\"><\/div><\/div><\/div><\/div><div class=\"epyt-gallery-title\">4. \u00bfQu\u00e9 es el c\u00e1ncer? - La Sociedad de los Amigos Imaginarios<\/div><\/div><div tabindex=\"0\" role=\"button\" data-videoid=\"hB1R-TmWnuE\" class=\"epyt-gallery-thumb\"><div class=\"epyt-gallery-img-box\"><div class=\"epyt-gallery-img\" style=\"background-image: url(https:\/\/i.ytimg.com\/vi\/hB1R-TmWnuE\/hqdefault.jpg)\"><div class=\"epyt-gallery-playhover\"><img loading=\"lazy\" decoding=\"async\" alt=\"play\" class=\"epyt-play-img\" width=\"30\" height=\"23\" src=\"https:\/\/vivirmasfeliz.cl\/wordpress\/wp-content\/plugins\/youtube-embed-plus\/images\/playhover.png\" data-no-lazy=\"1\" data-skipgform_ajax_framebjll=\"\" \/><div class=\"epyt-gallery-playcrutch\"><\/div><\/div><\/div><\/div><div class=\"epyt-gallery-title\">5. MRI - La Sociedad de los Amigos Imaginarios<\/div><\/div><div tabindex=\"0\" role=\"button\" data-videoid=\"F1L1zJs7F84\" class=\"epyt-gallery-thumb\"><div class=\"epyt-gallery-img-box\"><div class=\"epyt-gallery-img\" style=\"background-image: url(https:\/\/i.ytimg.com\/vi\/F1L1zJs7F84\/hqdefault.jpg)\"><div class=\"epyt-gallery-playhover\"><img loading=\"lazy\" decoding=\"async\" alt=\"play\" class=\"epyt-play-img\" width=\"30\" height=\"23\" src=\"https:\/\/vivirmasfeliz.cl\/wordpress\/wp-content\/plugins\/youtube-embed-plus\/images\/playhover.png\" data-no-lazy=\"1\" data-skipgform_ajax_framebjll=\"\" \/><div class=\"epyt-gallery-playcrutch\"><\/div><\/div><\/div><\/div><div class=\"epyt-gallery-title\">6. Transfusiones de sangre - La Sociedad de los Amigos Imaginarios<\/div><\/div><div class=\"epyt-gallery-rowbreak\"><\/div><div tabindex=\"0\" role=\"button\" data-videoid=\"ue7uDSIaOWY\" class=\"epyt-gallery-thumb\"><div class=\"epyt-gallery-img-box\"><div class=\"epyt-gallery-img\" style=\"background-image: url(https:\/\/i.ytimg.com\/vi\/ue7uDSIaOWY\/hqdefault.jpg)\"><div class=\"epyt-gallery-playhover\"><img loading=\"lazy\" decoding=\"async\" alt=\"play\" class=\"epyt-play-img\" width=\"30\" height=\"23\" src=\"https:\/\/vivirmasfeliz.cl\/wordpress\/wp-content\/plugins\/youtube-embed-plus\/images\/playhover.png\" data-no-lazy=\"1\" data-skipgform_ajax_framebjll=\"\" \/><div class=\"epyt-gallery-playcrutch\"><\/div><\/div><\/div><\/div><div class=\"epyt-gallery-title\">7. Radiaci\u00f3n - La Sociedad de los Amigos Imaginarios<\/div><\/div><div tabindex=\"0\" role=\"button\" data-videoid=\"B_B1hIJMyd4\" class=\"epyt-gallery-thumb\"><div class=\"epyt-gallery-img-box\"><div class=\"epyt-gallery-img\" style=\"background-image: url(https:\/\/i.ytimg.com\/vi\/B_B1hIJMyd4\/hqdefault.jpg)\"><div class=\"epyt-gallery-playhover\"><img loading=\"lazy\" decoding=\"async\" alt=\"play\" class=\"epyt-play-img\" width=\"30\" height=\"23\" src=\"https:\/\/vivirmasfeliz.cl\/wordpress\/wp-content\/plugins\/youtube-embed-plus\/images\/playhover.png\" data-no-lazy=\"1\" data-skipgform_ajax_framebjll=\"\" \/><div class=\"epyt-gallery-playcrutch\"><\/div><\/div><\/div><\/div><div class=\"epyt-gallery-title\">8. Estoy perdiendo mi pelo - La Sociedad de los Amigos Imaginarios<\/div><\/div><div tabindex=\"0\" role=\"button\" data-videoid=\"544wx-oG9WA\" class=\"epyt-gallery-thumb\"><div class=\"epyt-gallery-img-box\"><div class=\"epyt-gallery-img\" style=\"background-image: url(https:\/\/i.ytimg.com\/vi\/544wx-oG9WA\/hqdefault.jpg)\"><div class=\"epyt-gallery-playhover\"><img loading=\"lazy\" decoding=\"async\" alt=\"play\" class=\"epyt-play-img\" width=\"30\" height=\"23\" src=\"https:\/\/vivirmasfeliz.cl\/wordpress\/wp-content\/plugins\/youtube-embed-plus\/images\/playhover.png\" data-no-lazy=\"1\" data-skipgform_ajax_framebjll=\"\" \/><div class=\"epyt-gallery-playcrutch\"><\/div><\/div><\/div><\/div><div class=\"epyt-gallery-title\">9. \u00bfPor qu\u00e9 estoy cansado\/a todo el tiempo? - La Sociedad de los Amigos Imaginarios<\/div><\/div><div class=\"epyt-gallery-rowbreak\"><\/div><div tabindex=\"0\" role=\"button\" data-videoid=\"rHVvk4yeuq8\" class=\"epyt-gallery-thumb\"><div class=\"epyt-gallery-img-box\"><div class=\"epyt-gallery-img\" style=\"background-image: url(https:\/\/i.ytimg.com\/vi\/rHVvk4yeuq8\/hqdefault.jpg)\"><div class=\"epyt-gallery-playhover\"><img loading=\"lazy\" decoding=\"async\" alt=\"play\" class=\"epyt-play-img\" width=\"30\" height=\"23\" src=\"https:\/\/vivirmasfeliz.cl\/wordpress\/wp-content\/plugins\/youtube-embed-plus\/images\/playhover.png\" data-no-lazy=\"1\" data-skipgform_ajax_framebjll=\"\" \/><div class=\"epyt-gallery-playcrutch\"><\/div><\/div><\/div><\/div><div class=\"epyt-gallery-title\">10. \u00bfQui\u00e9n me va a estar cuidando? - La Sociedad de los Amigos Imaginarios<\/div><\/div><div tabindex=\"0\" role=\"button\" data-videoid=\"pd-aaHXutak\" class=\"epyt-gallery-thumb\"><div class=\"epyt-gallery-img-box\"><div class=\"epyt-gallery-img\" style=\"background-image: url(https:\/\/i.ytimg.com\/vi\/pd-aaHXutak\/hqdefault.jpg)\"><div class=\"epyt-gallery-playhover\"><img loading=\"lazy\" decoding=\"async\" alt=\"play\" class=\"epyt-play-img\" width=\"30\" height=\"23\" src=\"https:\/\/vivirmasfeliz.cl\/wordpress\/wp-content\/plugins\/youtube-embed-plus\/images\/playhover.png\" data-no-lazy=\"1\" data-skipgform_ajax_framebjll=\"\" \/><div class=\"epyt-gallery-playcrutch\"><\/div><\/div><\/div><\/div><div class=\"epyt-gallery-title\">11. Me siento enojado\/a - La Sociedad de los Amigos Imaginarios<\/div><\/div><div tabindex=\"0\" role=\"button\" data-videoid=\"k3FXsoMBAkY\" class=\"epyt-gallery-thumb\"><div class=\"epyt-gallery-img-box\"><div class=\"epyt-gallery-img\" style=\"background-image: url(https:\/\/i.ytimg.com\/vi\/k3FXsoMBAkY\/hqdefault.jpg)\"><div class=\"epyt-gallery-playhover\"><img loading=\"lazy\" decoding=\"async\" alt=\"play\" class=\"epyt-play-img\" width=\"30\" height=\"23\" src=\"https:\/\/vivirmasfeliz.cl\/wordpress\/wp-content\/plugins\/youtube-embed-plus\/images\/playhover.png\" data-no-lazy=\"1\" data-skipgform_ajax_framebjll=\"\" \/><div class=\"epyt-gallery-playcrutch\"><\/div><\/div><\/div><\/div><div class=\"epyt-gallery-title\">12. Estoy asustado\/a - La Sociedad de los Amigos Imaginarios<\/div><\/div><div class=\"epyt-gallery-rowbreak\"><\/div><div tabindex=\"0\" role=\"button\" data-videoid=\"4-q6ztmcYns\" class=\"epyt-gallery-thumb\"><div class=\"epyt-gallery-img-box\"><div class=\"epyt-gallery-img\" style=\"background-image: url(https:\/\/i.ytimg.com\/vi\/4-q6ztmcYns\/hqdefault.jpg)\"><div class=\"epyt-gallery-playhover\"><img loading=\"lazy\" decoding=\"async\" alt=\"play\" class=\"epyt-play-img\" width=\"30\" height=\"23\" src=\"https:\/\/vivirmasfeliz.cl\/wordpress\/wp-content\/plugins\/youtube-embed-plus\/images\/playhover.png\" data-no-lazy=\"1\" data-skipgform_ajax_framebjll=\"\" \/><div class=\"epyt-gallery-playcrutch\"><\/div><\/div><\/div><\/div><div class=\"epyt-gallery-title\">13. Inyecciones - La Sociedad de los Amigos Imaginarios<\/div><\/div><div tabindex=\"0\" role=\"button\" data-videoid=\"-JW6ZsdPxpA\" class=\"epyt-gallery-thumb\"><div class=\"epyt-gallery-img-box\"><div class=\"epyt-gallery-img\" style=\"background-image: url(https:\/\/i.ytimg.com\/vi\/-JW6ZsdPxpA\/hqdefault.jpg)\"><div class=\"epyt-gallery-playhover\"><img loading=\"lazy\" decoding=\"async\" alt=\"play\" class=\"epyt-play-img\" width=\"30\" height=\"23\" src=\"https:\/\/vivirmasfeliz.cl\/wordpress\/wp-content\/plugins\/youtube-embed-plus\/images\/playhover.png\" data-no-lazy=\"1\" data-skipgform_ajax_framebjll=\"\" \/><div class=\"epyt-gallery-playcrutch\"><\/div><\/div><\/div><\/div><div class=\"epyt-gallery-title\">14. Cirug\u00edas - La Sociedad de los Amigos Imaginarios<\/div><\/div><div class=\"epyt-gallery-clear\"><\/div><\/div><div class=\"epyt-pagination \"><div tabindex=\"0\" role=\"button\" class=\"epyt-pagebutton epyt-prev  hide \" data-playlistid=\"PLqxrdEicmK4mCXdr4aDbzQKD4caspSu_n\" data-pagesize=\"15\" data-pagetoken=\"\" data-epcolumns=\"3\" data-showtitle=\"1\" data-showpaging=\"1\" data-autonext=\"0\" data-thumbplay=\"1\"><div class=\"epyt-arrow\">&laquo;<\/div> <div>Prev<\/div><\/div><div class=\"epyt-pagenumbers \"><div class=\"epyt-current\">1<\/div><div class=\"epyt-pageseparator\"> \/ <\/div><div class=\"epyt-totalpages\">2<\/div><\/div><div tabindex=\"0\" role=\"button\" class=\"epyt-pagebutton epyt-next\" data-playlistid=\"PLqxrdEicmK4mCXdr4aDbzQKD4caspSu_n\" data-pagesize=\"15\" data-pagetoken=\"EAAaHlBUOkNBOGlFRGN4TWpVME1qQTVNekJDTWpFek0wWQ\" data-epcolumns=\"3\" data-showtitle=\"1\" data-showpaging=\"1\" data-autonext=\"0\" data-thumbplay=\"1\"><div>Next<\/div> <div class=\"epyt-arrow\">&raquo;<\/div><\/div><div class=\"epyt-loader\"><img loading=\"lazy\" decoding=\"async\" alt=\"loading\" width=\"16\" height=\"11\" src=\"https:\/\/vivirmasfeliz.cl\/wordpress\/wp-content\/plugins\/youtube-embed-plus\/images\/gallery-page-loader.gif\"><\/div><\/div><\/div><\/div>\n\n\t\t<\/div>\n\t\t\t\t\t<\/div>\n\n\t\n\n<\/div>\n\n\t\t<\/div>\n\n\t\t\n<style>\n#section_791120369 {\n  padding-top: 1px;\n  padding-bottom: 1px;\n}\n#section_791120369 .ux-shape-divider--top svg {\n  height: 150px;\n  --divider-top-width: 100%;\n}\n#section_791120369 .ux-shape-divider--bottom svg {\n  height: 150px;\n  --divider-width: 100%;\n}\n<\/style>\n\t<\/section>\n\t\n\n","protected":false},"excerpt":{"rendered":"","protected":false},"author":1,"featured_media":0,"parent":0,"menu_order":0,"comment_status":"closed","ping_status":"closed","template":"page-blank.php","meta":{"_themeisle_gutenberg_block_has_review":false,"footnotes":""},"class_list":["post-1300","page","type-page","status-publish","hentry"],"acf":[],"_links":{"self":[{"href":"https:\/\/vivirmasfeliz.cl\/wordpress\/wp-json\/wp\/v2\/pages\/1300","targetHints":{"allow":["GET"]}}],"collection":[{"href":"https:\/\/vivirmasfeliz.cl\/wordpress\/wp-json\/wp\/v2\/pages"}],"about":[{"href":"https:\/\/vivirmasfeliz.cl\/wordpress\/wp-json\/wp\/v2\/types\/page"}],"author":[{"embeddable":true,"href":"https:\/\/vivirmasfeliz.cl\/wordpress\/wp-json\/wp\/v2\/users\/1"}],"replies":[{"embeddable":true,"href":"https:\/\/vivirmasfeliz.cl\/wordpress\/wp-json\/wp\/v2\/comments?post=1300"}],"version-history":[{"count":11,"href":"https:\/\/vivirmasfeliz.cl\/wordpress\/wp-json\/wp\/v2\/pages\/1300\/revisions"}],"predecessor-version":[{"id":1312,"href":"https:\/\/vivirmasfeliz.cl\/wordpress\/wp-json\/wp\/v2\/pages\/1300\/revisions\/1312"}],"wp:attachment":[{"href":"https:\/\/vivirmasfeliz.cl\/wordpress\/wp-json\/wp\/v2\/media?parent=1300"}],"curies":[{"name":"wp","href":"https:\/\/api.w.org\/{rel}","templated":true}]}}