{"id":1214,"date":"2022-10-09T15:07:48","date_gmt":"2022-10-09T15:07:48","guid":{"rendered":"https:\/\/vivirmasfeliz.cl\/wordpress\/transparencia-copy\/"},"modified":"2022-12-28T12:55:19","modified_gmt":"2022-12-28T12:55:19","slug":"que-hacemos","status":"publish","type":"page","link":"https:\/\/vivirmasfeliz.cl\/wordpress\/que-hacemos\/","title":{"rendered":"Areas de Accion"},"content":{"rendered":"\n\t<section class=\"section hide-for-medium\" id=\"section_589676249\">\n\t\t<div class=\"bg section-bg fill bg-fill  \" >\n\n\t\t\t\n\t\t\t<div class=\"section-bg-overlay absolute fill\"><\/div>\n\t\t\t\n\n\t\t<\/div>\n\n\t\t\n\n\t\t<div class=\"section-content relative\">\n\t\t\t\n\n\n\t\t<\/div>\n\n\t\t\n<style>\n#section_589676249 {\n  padding-top: 0px;\n  padding-bottom: 0px;\n  min-height: 300px;\n}\n#section_589676249 .section-bg-overlay {\n  background-color: rgba(0, 0, 0, 0.45);\n}\n#section_589676249 .section-bg.bg-loaded {\n  background-image: url(https:\/\/vivirmasfeliz.cl\/wordpress\/wp-content\/uploads\/2021\/07\/v1.png);\n}\n#section_589676249 .section-bg {\n  background-position: 64% 49%;\n}\n#section_589676249 .ux-shape-divider--top svg {\n  height: 150px;\n  --divider-top-width: 100%;\n}\n#section_589676249 .ux-shape-divider--bottom svg {\n  height: 150px;\n  --divider-width: 100%;\n}\n@media (min-width:550px) {\n  #section_589676249 {\n    min-height: 400px;\n  }\n}\n@media (min-width:850px) {\n  #section_589676249 {\n    min-height: 290px;\n  }\n}\n<\/style>\n\t<\/section>\n\t\n\t<section class=\"section show-for-small\" id=\"section_1005332259\">\n\t\t<div class=\"bg section-bg fill bg-fill  \" >\n\n\t\t\t\n\t\t\t<div class=\"section-bg-overlay absolute fill\"><\/div>\n\t\t\t\n\n\t\t<\/div>\n\n\t\t\n\n\t\t<div class=\"section-content relative\">\n\t\t\t\n\n\n\t\t<\/div>\n\n\t\t\n<style>\n#section_1005332259 {\n  padding-top: 0px;\n  padding-bottom: 0px;\n  min-height: 300px;\n}\n#section_1005332259 .section-bg-overlay {\n  background-color: rgba(0, 0, 0, 0.45);\n}\n#section_1005332259 .section-bg.bg-loaded {\n  background-image: url(https:\/\/vivirmasfeliz.cl\/wordpress\/wp-content\/uploads\/2021\/07\/v1.png);\n}\n#section_1005332259 .section-bg {\n  background-position: 64% 49%;\n}\n#section_1005332259 .ux-shape-divider--top svg {\n  height: 150px;\n  --divider-top-width: 100%;\n}\n#section_1005332259 .ux-shape-divider--bottom svg {\n  height: 150px;\n  --divider-width: 100%;\n}\n@media (min-width:550px) {\n  #section_1005332259 {\n    min-height: 400px;\n  }\n}\n@media (min-width:850px) {\n  #section_1005332259 {\n    min-height: 290px;\n  }\n}\n<\/style>\n\t<\/section>\n\t\n\t<section class=\"section hide-for-medium\" id=\"section_560410607\">\n\t\t<div class=\"bg section-bg fill bg-fill  bg-loaded\" >\n\n\t\t\t\n\t\t\t\n\t\t\t\n\n\t\t<\/div>\n\n\t\t\n\n\t\t<div class=\"section-content relative\">\n\t\t\t\n\n<div class=\"row align-center\"  id=\"row-1348215507\">\n\n\n\t<div id=\"col-1071853331\" class=\"col medium-12 small-3 large-4\"  >\n\t\t\t\t<div class=\"col-inner\"  >\n\t\t\t\n\t\t\t\n\n\n\t\t<\/div>\n\t\t\t\t\n<style>\n#col-1071853331 > .col-inner {\n  padding: 6% 6% 6% 6%;\n  margin: -80% 0px 0px 0px;\n}\n<\/style>\n\t<\/div>\n\n\t\n\n\t<div id=\"col-1756965537\" class=\"col medium-12 small-12 large-3\"  >\n\t\t\t\t<div class=\"col-inner text-center\" style=\"background-color:rgb(229, 0, 126);\" >\n\t\t\t\n\t<div class=\"is-border\"\n\t\tstyle=\"border-color:rgb(73, 193, 147);border-width:0px 0px 0px 0px;\">\n\t<\/div>\n\t\t\t\n\n<h2><span style=\"color: #ffffff;\">Q\u00fae Hacemos<\/span><\/h2>\n\n\t\t<\/div>\n\t\t\t\t\n<style>\n#col-1756965537 > .col-inner {\n  padding: 15% 10% 5% 10%;\n  margin: 0 0px 0px 0px;\n}\n@media (min-width:550px) {\n  #col-1756965537 > .col-inner {\n    padding: 10% 10% 8% 10%;\n  }\n}\n@media (min-width:850px) {\n  #col-1756965537 > .col-inner {\n    padding: 6% 7% 3% 3%;\n    margin: -65px 0px 0px 0px;\n  }\n}\n<\/style>\n\t<\/div>\n\n\t\n\n\t<div id=\"col-1604859361\" class=\"col medium-12 small-12 large-4\"  >\n\t\t\t\t<div class=\"col-inner\"  >\n\t\t\t\n\t\t\t\n\n\n\t\t<\/div>\n\t\t\t\t\n<style>\n#col-1604859361 > .col-inner {\n  padding: 6% 6% 6% 6%;\n  margin: -54% 0px 0px 0px;\n}\n@media (min-width:550px) {\n  #col-1604859361 > .col-inner {\n    margin: -80% 0px 0px 0px;\n  }\n}\n<\/style>\n\t<\/div>\n\n\t\n\n<\/div>\n\n\t\t<\/div>\n\n\t\t\n<style>\n#section_560410607 {\n  padding-top: 16px;\n  padding-bottom: 16px;\n}\n#section_560410607 .ux-shape-divider--top svg {\n  height: 150px;\n  --divider-top-width: 100%;\n}\n#section_560410607 .ux-shape-divider--bottom svg {\n  height: 150px;\n  --divider-width: 100%;\n}\n<\/style>\n\t<\/section>\n\t\n\t<section class=\"section show-for-small\" id=\"section_1275591995\">\n\t\t<div class=\"bg section-bg fill bg-fill  bg-loaded\" >\n\n\t\t\t\n\t\t\t\n\t\t\t\n\n\t\t<\/div>\n\n\t\t\n\n\t\t<div class=\"section-content relative\">\n\t\t\t\n\n<div class=\"row align-center\"  id=\"row-495941833\">\n\n\n\t<div id=\"col-1659447056\" class=\"col medium-12 small-12 large-3\"  >\n\t\t\t\t<div class=\"col-inner text-center\" style=\"background-color:rgb(229, 0, 126);\" >\n\t\t\t\n\t<div class=\"is-border\"\n\t\tstyle=\"border-color:rgb(73, 193, 147);border-width:0px 0px 0px 0px;\">\n\t<\/div>\n\t\t\t\n\n<h2><span style=\"color: #ffffff;\">Qu\u00e9 Hacemos<\/span><\/h2>\n\n\t\t<\/div>\n\t\t\t\t\n<style>\n#col-1659447056 > .col-inner {\n  padding: 6% 10% 5% 10%;\n  margin: -50px 0px 0px 0px;\n}\n@media (min-width:550px) {\n  #col-1659447056 > .col-inner {\n    padding: 10% 10% 8% 10%;\n    margin: 0 0px 0px 0px;\n  }\n}\n@media (min-width:850px) {\n  #col-1659447056 > .col-inner {\n    padding: 6% 7% 3% 3%;\n    margin: -65px 0px 0px 0px;\n  }\n}\n<\/style>\n\t<\/div>\n\n\t\n\n<\/div>\n\n\t\t<\/div>\n\n\t\t\n<style>\n#section_1275591995 {\n  padding-top: 16px;\n  padding-bottom: 16px;\n}\n#section_1275591995 .ux-shape-divider--top svg {\n  height: 150px;\n  --divider-top-width: 100%;\n}\n#section_1275591995 .ux-shape-divider--bottom svg {\n  height: 150px;\n  --divider-width: 100%;\n}\n<\/style>\n\t<\/section>\n\t\n\t<section class=\"section\" id=\"section_1548510995\">\n\t\t<div class=\"bg section-bg fill bg-fill  bg-loaded\" >\n\n\t\t\t\n\t\t\t\n\t\t\t\n\n\t\t<\/div>\n\n\t\t\n\n\t\t<div class=\"section-content relative\">\n\t\t\t\n\n<div class=\"row align-center\"  id=\"row-1336840086\">\n\n\n\t<div id=\"col-1579455604\" class=\"col medium-11 small-12 large-11\"  >\n\t\t\t\t<div class=\"col-inner\"  >\n\t\t\t\n\t\t\t\n\n<p align=\"justify\" style=\"font-size: 105%;\">Modelo de atenci\u00f3n integral que une lo m\u00e9dico con el bienestar emocional, enfocado en los ni\u00f1os y no solamente en la enfermedad. Generamos experiencias significativas desarrollando entornos de calidad, acogedores, felices y dignos, a trav\u00e9s de Centros Oncopedi\u00e1tricos TROI, Terapias Complementarias Profesionales, Experiencias para Sonre\u00edr y Aportes y Facilidades, para que los ni\u00f1os con c\u00e1ncer puedan seguir siendo ni\u00f1os<\/p>\n\n\t\t<\/div>\n\t\t\t\t\t<\/div>\n\n\t\n\n\t<div id=\"col-136038613\" class=\"col medium-11 small-12 large-11\"  >\n\t\t\t\t<div class=\"col-inner\"  >\n\t\t\t\n\t\t\t\n\n<div class=\"accordion\" rel=\"\">\n\n<div class=\"accordion-item\"><a href=\"#\" class=\"accordion-title plain\"><button class=\"toggle\"><i class=\"icon-angle-down\"><\/i><\/button><span>TROI<\/span><\/a><div class=\"accordion-inner\">\n\n<div class=\"row\"  id=\"row-1254226282\">\n\n\n\t<div id=\"col-1733774128\" class=\"col medium-8 small-12 large-8\"  >\n\t\t\t\t<div class=\"col-inner\"  >\n\t\t\t\n\t\t\t\n\n<p>Centro Oncopedi\u00e1trico Integral creado por la Fundaci\u00f3n Vivir m\u00e1s Feliz, donde los ni\u00f1os que tienen c\u00e1ncer, adem\u00e1s de recibir sus tratamientos m\u00e9dicos, como quimioterapias, reciben apoyo psicosocial y emocional, en un lugar de excelencia, lleno de luz, colores y sentido.<\/p>\n<p><strong><span style=\"color: #0000ff;\">TROI CALVO MACKENNA EN SANTIAGO<\/span><\/strong><\/p>\n<p>Centro de tratamiento ambulatorio integral para ni\u00f1os con c\u00e1ncer y de trasplante de m\u00e9dula \u00f3sea, \u00fanico establecimiento de salud p\u00fablica en realizar este tratamiento. Creado en conjunto con el Hospital Dr. Luis Calvo Mackenna.<\/p>\n<p><span style=\"color: #0000ff;\"><strong>TROI ARAUCAN\u00cdA EN TEMUCO (INAUGURACI\u00d3N PREVISTA: 2022):<\/strong><\/span><\/p>\n<p>Centro de tratamiento ambulatorio integral para ni\u00f1os con c\u00e1ncer que viven en la Araucan\u00eda y para Retinoblastomas de todo el Sur de Chile. Proyecto en conjunto con el Hospital Regional Dr. Hern\u00e1n Henr\u00edquez Aravena. Superficie: 650 m2.<\/p>\n<ul>\n<li>Atender\u00e1 al 10% de los nin\u0303os con ca\u0301ncer que se atienden en el sistema pu\u0301blico de salud de Chile.<\/li>\n<li>M\u00e1s de 350 pacientes cada a\u00f1o.<\/li>\n<li>M\u00e1s de 40 nuevos casos cada a\u00f1o.<\/li>\n<\/ul>\n\n\t\t<\/div>\n\t\t\t\t\t<\/div>\n\n\t\n\n\t<div id=\"col-1755023918\" class=\"col medium-4 small-12 large-4\"  >\n\t\t\t\t<div class=\"col-inner\"  >\n\t\t\t\n\t\t\t\n\n\t<div class=\"img has-hover x md-x lg-x y md-y lg-y\" id=\"image_530541139\">\n\t\t\t\t\t\t\t\t<div class=\"img-inner dark\" >\n\t\t\t<img loading=\"lazy\" decoding=\"async\" width=\"1020\" height=\"678\" src=\"https:\/\/vivirmasfeliz.cl\/wordpress\/wp-content\/uploads\/2021\/07\/troi-1204x800.png\" class=\"attachment-large size-large\" alt=\"\" srcset=\"https:\/\/vivirmasfeliz.cl\/wordpress\/wp-content\/uploads\/2021\/07\/troi-1204x800.png 1204w, https:\/\/vivirmasfeliz.cl\/wordpress\/wp-content\/uploads\/2021\/07\/troi-602x400.png 602w, https:\/\/vivirmasfeliz.cl\/wordpress\/wp-content\/uploads\/2021\/07\/troi-768x510.png 768w, https:\/\/vivirmasfeliz.cl\/wordpress\/wp-content\/uploads\/2021\/07\/troi-1536x1020.png 1536w, https:\/\/vivirmasfeliz.cl\/wordpress\/wp-content\/uploads\/2021\/07\/troi.png 1689w\" sizes=\"auto, (max-width: 1020px) 100vw, 1020px\" \/>\t\t\t\t\t\t\n\t\t\t\t\t<\/div>\n\t\t\t\t\t\t\t\t\n<style>\n#image_530541139 {\n  width: 100%;\n}\n<\/style>\n\t<\/div>\n\t\n\n\t<div class=\"img has-hover x md-x lg-x y md-y lg-y\" id=\"image_1851865656\">\n\t\t\t\t\t\t\t\t<div class=\"img-inner dark\" >\n\t\t\t<img loading=\"lazy\" decoding=\"async\" width=\"952\" height=\"633\" src=\"https:\/\/vivirmasfeliz.cl\/wordpress\/wp-content\/uploads\/2021\/07\/1a.png\" class=\"attachment-large size-large\" alt=\"\" srcset=\"https:\/\/vivirmasfeliz.cl\/wordpress\/wp-content\/uploads\/2021\/07\/1a.png 952w, https:\/\/vivirmasfeliz.cl\/wordpress\/wp-content\/uploads\/2021\/07\/1a-602x400.png 602w, https:\/\/vivirmasfeliz.cl\/wordpress\/wp-content\/uploads\/2021\/07\/1a-768x511.png 768w\" sizes=\"auto, (max-width: 952px) 100vw, 952px\" \/>\t\t\t\t\t\t\n\t\t\t\t\t<\/div>\n\t\t\t\t\t\t\t\t\n<style>\n#image_1851865656 {\n  width: 100%;\n}\n<\/style>\n\t<\/div>\n\t\n\n\n\t\t<\/div>\n\t\t\t\t\t<\/div>\n\n\t\n\n<\/div>\n\n<\/div><\/div>\n<div class=\"accordion-item\"><a href=\"#\" class=\"accordion-title plain\"><button class=\"toggle\"><i class=\"icon-angle-down\"><\/i><\/button><span>TERAPIAS COMPLEMENTARIAS<\/span><\/a><div class=\"accordion-inner\">\n\n<div class=\"row\"  id=\"row-956234118\">\n\n\n\t<div id=\"col-1587747409\" class=\"col medium-8 small-12 large-8\"  >\n\t\t\t\t<div class=\"col-inner\"  >\n\t\t\t\n\t\t\t\n\n<p align=\"justify\">Contamos con un equipo de profesionales expertos en t\u00e9cnicas psicosociales, emocionales, expresivas, art\u00edsticas y l\u00fadicas, que a trav\u00e9s de la Risoterapia, Juegoterapia y Musicoterapia, y trabajando en conjunto con el Equipo M\u00e9dico y Psicosocial del Hospital, generan beneficios para los ni\u00f1os con c\u00e1ncer y sus familias, que inician con una mejor adaptaci\u00f3n a la experiencia hospitalaria, y continuan con vivencias significativas y generadoras de bienestar.<\/p>\n<p align=\"justify\">Los ni\u00f1os reciben sus Terapias Complementarias en TROI y en el \u00c1rea de Hospitalizaci\u00f3n de Oncolog\u00eda y de Trasplante de M\u00e9dula \u00d3sea, tanto durante los procedimientos m\u00e9dicos, como en los tiempos de espera-ocio, de forma grupal e individual. Beneficios para los ni\u00f1os y sus familias:<\/p>\n<ul>\n<li>Disminuci\u00f3n del estr\u00e9s asociado a la experiencia m\u00e9dica y hospitalaria.\n<\/li>\n<li>Liberaci\u00f3n de tensiones, temores y menores indicadores de depresi\u00f3n.\n<\/li>\n<li>Desarrollo de la imaginaci\u00f3n, la creatividad y el logro de nuevos aprendizajes.\n<\/li>\n<li>Generaci\u00f3n de espacios de distracci\u00f3n y entretenimiento.\n<\/li>\n<li>Mayor involucramiento de las familias en los tratamientos de los ni\u00f1os y en diversas actividades l\u00fadicas y terap\u00e9uticas.\n<\/li>\n<li>Apertura a nuevos procesos de sanaci\u00f3n, acompa\u00f1amiento y comprensi\u00f3n respecto al proceso que viven.\n<\/li>\n<li>Cambios en la manera de ver, comprender y dar salud en todos los involucrados.\n<\/li>\n<li>Menos experiencias com\u00fanmente traum\u00e1ticas en el proceso de c\u00e1ncer infantil.\n<\/li>\n<li>Disminuci\u00f3n en la deserci\u00f3n de los tratamientos.\n<\/li>\n<li>Mejor reinserci\u00f3n social durante y post tratamiento.\n<\/li>\n<\/ul>\n\n\t\t<\/div>\n\t\t\t\t\t<\/div>\n\n\t\n\n\t<div id=\"col-2133117960\" class=\"col medium-4 small-12 large-4\"  >\n\t\t\t\t<div class=\"col-inner\"  >\n\t\t\t\n\t\t\t\n\n\t<div class=\"img has-hover x md-x lg-x y md-y lg-y\" id=\"image_1264877950\">\n\t\t\t\t\t\t\t\t<div class=\"img-inner dark\" >\n\t\t\t<img loading=\"lazy\" decoding=\"async\" width=\"800\" height=\"533\" src=\"https:\/\/vivirmasfeliz.cl\/wordpress\/wp-content\/uploads\/2021\/07\/sonre.jpeg\" class=\"attachment-large size-large\" alt=\"\" srcset=\"https:\/\/vivirmasfeliz.cl\/wordpress\/wp-content\/uploads\/2021\/07\/sonre.jpeg 800w, https:\/\/vivirmasfeliz.cl\/wordpress\/wp-content\/uploads\/2021\/07\/sonre-600x400.jpeg 600w, https:\/\/vivirmasfeliz.cl\/wordpress\/wp-content\/uploads\/2021\/07\/sonre-768x512.jpeg 768w\" sizes=\"auto, (max-width: 800px) 100vw, 800px\" \/>\t\t\t\t\t\t\n\t\t\t\t\t<\/div>\n\t\t\t\t\t\t\t\t\n<style>\n#image_1264877950 {\n  width: 100%;\n}\n<\/style>\n\t<\/div>\n\t\n\n\n\t\t<\/div>\n\t\t\t\t\t<\/div>\n\n\t\n\n<\/div>\n\n<\/div><\/div>\n<div class=\"accordion-item\"><a href=\"#\" class=\"accordion-title plain\"><button class=\"toggle\"><i class=\"icon-angle-down\"><\/i><\/button><span>EXPERIENCIAS PARA SONREIR<\/span><\/a><div class=\"accordion-inner\">\n\n<div class=\"row\"  id=\"row-1053306936\">\n\n\n\t<div id=\"col-272421947\" class=\"col medium-8 small-12 large-8\"  >\n\t\t\t\t<div class=\"col-inner\"  >\n\t\t\t\n\t\t\t\n\n<p align=\"justify\">Como entendemos la relevancia de generar espacios que permitan el apoyo social e instancias para compartir y pasarlo bien, creamos las <b>Experiencias para sonre\u00edr<\/b>: realizamos distintas celebraciones y actividades que contribuyen a vivir momentos de entretenci\u00f3n y alegr\u00eda tanto para los ni\u00f1os, como para sus familias. Adem\u00e1s de juguetes did\u00e1cticos para el desarrollo integral y de contenidos relacionados con sus procesos, entre otras iniciativas.<\/p>\n\n\t\t<\/div>\n\t\t\t\t\t<\/div>\n\n\t\n\n\t<div id=\"col-1137371594\" class=\"col medium-4 small-12 large-4\"  >\n\t\t\t\t<div class=\"col-inner\"  >\n\t\t\t\n\t\t\t\n\n\t<div class=\"img has-hover x md-x lg-x y md-y lg-y\" id=\"image_1540328348\">\n\t\t\t\t\t\t\t\t<div class=\"img-inner dark\" >\n\t\t\t<img loading=\"lazy\" decoding=\"async\" width=\"1020\" height=\"680\" src=\"https:\/\/vivirmasfeliz.cl\/wordpress\/wp-content\/uploads\/2021\/07\/2afdc735-5a98-4d28-942d-3aa9636015ec-1200x800.jpeg\" class=\"attachment-large size-large\" alt=\"\" srcset=\"https:\/\/vivirmasfeliz.cl\/wordpress\/wp-content\/uploads\/2021\/07\/2afdc735-5a98-4d28-942d-3aa9636015ec-1200x800.jpeg 1200w, https:\/\/vivirmasfeliz.cl\/wordpress\/wp-content\/uploads\/2021\/07\/2afdc735-5a98-4d28-942d-3aa9636015ec-600x400.jpeg 600w, https:\/\/vivirmasfeliz.cl\/wordpress\/wp-content\/uploads\/2021\/07\/2afdc735-5a98-4d28-942d-3aa9636015ec-768x512.jpeg 768w, https:\/\/vivirmasfeliz.cl\/wordpress\/wp-content\/uploads\/2021\/07\/2afdc735-5a98-4d28-942d-3aa9636015ec.jpeg 1280w\" sizes=\"auto, (max-width: 1020px) 100vw, 1020px\" \/>\t\t\t\t\t\t\n\t\t\t\t\t<\/div>\n\t\t\t\t\t\t\t\t\n<style>\n#image_1540328348 {\n  width: 100%;\n}\n<\/style>\n\t<\/div>\n\t\n\n\n\t\t<\/div>\n\t\t\t\t\t<\/div>\n\n\t\n\n<\/div>\n\n<\/div><\/div>\n<div class=\"accordion-item\"><a href=\"#\" class=\"accordion-title plain\"><button class=\"toggle\"><i class=\"icon-angle-down\"><\/i><\/button><span>APORTES Y FACILIDADES<\/span><\/a><div class=\"accordion-inner\">\n\n<div class=\"row\"  id=\"row-1075742144\">\n\n\n\t<div id=\"col-1611378144\" class=\"col medium-8 small-12 large-8\"  >\n\t\t\t\t<div class=\"col-inner\"  >\n\t\t\t\n\t\t\t\n\n<p align=\"justify\">Los <b>Aportes y facilidades<\/b> incorporan ayudas generales y espec\u00edficas, sobre todo en momentos de crisis y emergencias, como: alimentos especiales y generales, elementos de protecci\u00f3n, productos de sanitizaci\u00f3n, higiene y aseo, y transporte privado y protegido, con el fin de aumentar el cuidado de los pacientes inmunodeficientes, entre otros.<\/p>\n\n\t\t<\/div>\n\t\t\t\t\t<\/div>\n\n\t\n\n\t<div id=\"col-830096434\" class=\"col medium-4 small-12 large-4\"  >\n\t\t\t\t<div class=\"col-inner\"  >\n\t\t\t\n\t\t\t\n\n\t<div class=\"img has-hover x md-x lg-x y md-y lg-y\" id=\"image_301381423\">\n\t\t\t\t\t\t\t\t<div class=\"img-inner dark\" >\n\t\t\t<img loading=\"lazy\" decoding=\"async\" width=\"1020\" height=\"680\" src=\"https:\/\/vivirmasfeliz.cl\/wordpress\/wp-content\/uploads\/2021\/07\/Animales-Fabulosos-WEB-38.jpg\" class=\"attachment-large size-large\" alt=\"\" srcset=\"https:\/\/vivirmasfeliz.cl\/wordpress\/wp-content\/uploads\/2021\/07\/Animales-Fabulosos-WEB-38.jpg 1200w, https:\/\/vivirmasfeliz.cl\/wordpress\/wp-content\/uploads\/2021\/07\/Animales-Fabulosos-WEB-38-600x400.jpg 600w, https:\/\/vivirmasfeliz.cl\/wordpress\/wp-content\/uploads\/2021\/07\/Animales-Fabulosos-WEB-38-768x512.jpg 768w\" sizes=\"auto, (max-width: 1020px) 100vw, 1020px\" \/>\t\t\t\t\t\t\n\t\t\t\t\t<\/div>\n\t\t\t\t\t\t\t\t\n<style>\n#image_301381423 {\n  width: 100%;\n}\n<\/style>\n\t<\/div>\n\t\n\n\n\t\t<\/div>\n\t\t\t\t\t<\/div>\n\n\t\n\n<\/div>\n\n<\/div><\/div>\n\n<\/div>\n\n\t\t<\/div>\n\t\t\t\t\t<\/div>\n\n\t\n\n<\/div>\n\n\t\t<\/div>\n\n\t\t\n<style>\n#section_1548510995 {\n  padding-top: 1px;\n  padding-bottom: 1px;\n}\n#section_1548510995 .ux-shape-divider--top svg {\n  height: 150px;\n  --divider-top-width: 100%;\n}\n#section_1548510995 .ux-shape-divider--bottom svg {\n  height: 150px;\n  --divider-width: 100%;\n}\n<\/style>\n\t<\/section>\n\t\n","protected":false},"excerpt":{"rendered":"","protected":false},"author":1,"featured_media":0,"parent":0,"menu_order":0,"comment_status":"closed","ping_status":"closed","template":"page-blank.php","meta":{"_themeisle_gutenberg_block_has_review":false,"footnotes":""},"class_list":["post-1214","page","type-page","status-publish","hentry"],"acf":[],"_links":{"self":[{"href":"https:\/\/vivirmasfeliz.cl\/wordpress\/wp-json\/wp\/v2\/pages\/1214","targetHints":{"allow":["GET"]}}],"collection":[{"href":"https:\/\/vivirmasfeliz.cl\/wordpress\/wp-json\/wp\/v2\/pages"}],"about":[{"href":"https:\/\/vivirmasfeliz.cl\/wordpress\/wp-json\/wp\/v2\/types\/page"}],"author":[{"embeddable":true,"href":"https:\/\/vivirmasfeliz.cl\/wordpress\/wp-json\/wp\/v2\/users\/1"}],"replies":[{"embeddable":true,"href":"https:\/\/vivirmasfeliz.cl\/wordpress\/wp-json\/wp\/v2\/comments?post=1214"}],"version-history":[{"count":25,"href":"https:\/\/vivirmasfeliz.cl\/wordpress\/wp-json\/wp\/v2\/pages\/1214\/revisions"}],"predecessor-version":[{"id":1324,"href":"https:\/\/vivirmasfeliz.cl\/wordpress\/wp-json\/wp\/v2\/pages\/1214\/revisions\/1324"}],"wp:attachment":[{"href":"https:\/\/vivirmasfeliz.cl\/wordpress\/wp-json\/wp\/v2\/media?parent=1214"}],"curies":[{"name":"wp","href":"https:\/\/api.w.org\/{rel}","templated":true}]}}